{"id":2071,"date":"2020-09-22T23:20:18","date_gmt":"2020-09-22T23:20:18","guid":{"rendered":"http:\/\/merk-vision.com\/?page_id=2071"},"modified":"2020-10-09T21:44:27","modified_gmt":"2020-10-09T21:44:27","slug":"improve-client-experience-strategies","status":"publish","type":"page","link":"https:\/\/merk-vision.com\/de\/beratung\/improve-client-experience-strategies\/","title":{"rendered":"Improve client experience strategies"},"content":{"rendered":"[vc_row type=&#8220;full_width_content&#8220; full_screen_row_position=&#8220;middle&#8220; equal_height=&#8220;yes&#8220; content_placement=&#8220;top&#8220; column_margin=&#8220;default&#8220; full_height=&#8220;yes&#8220; columns_placement=&#8220;top&#8220; scene_position=&#8220;center&#8220; text_color=&#8220;dark&#8220; text_align=&#8220;left&#8220; color_overlay=&#8220;#ffffff&#8220; overlay_strength=&#8220;0.95&#8243; shape_divider_color=&#8220;#ba1627&#8243; shape_divider_position=&#8220;bottom&#8220; shape_divider_height=&#8220;170&#8243; shape_divider_bring_to_front=&#8220;true&#8220; bg_image_animation=&#8220;zoom-out-reveal&#8220; parallax_bg=&#8220;true&#8220; parallax_bg_speed=&#8220;fixed&#8220; shape_type=&#8220;tilt_alt&#8220;][vc_column column_padding=&#8220;padding-6-percent&#8220; column_padding_position=&#8220;left-right&#8220; background_color_opacity=&#8220;1&#8243; background_hover_color_opacity=&#8220;1&#8243; column_link_target=&#8220;_self&#8220; column_shadow=&#8220;none&#8220; column_border_radius=&#8220;none&#8220; top_margin=&#8220;4%&#8220; bottom_margin=&#8220;4%&#8220; width=&#8220;1\/2&#8243; tablet_width_inherit=&#8220;default&#8220; tablet_text_alignment=&#8220;default&#8220; phone_text_alignment=&#8220;default&#8220; overlay_strength=&#8220;0.3&#8243; column_border_width=&#8220;none&#8220; column_border_style=&#8220;solid&#8220; bg_image_animation=&#8220;none&#8220;][nectar_gradient_text heading_tag=&#8220;h1&#8243; color=&#8220;extra-color-gradient-1&#8243; gradient_direction=&#8220;horizontal&#8220; text=&#8220;Verbesserung der Kundenerlebnisstrategien&#8220;][divider line_type=&#8220;No Line&#8220; custom_height=&#8220;10&#8243;]<div class=\"nectar-fancy-ul\" data-list-icon=\"fa fa-check\" data-animation=\"false\" data-animation-delay=\"0\" data-color=\"accent-color\" data-spacing=\"5px\" data-alignment=\"left\"> \n<ul>\n<li>Vereinheitlichung und Verbesserung der Kundenerlebnisstrategie in allen M\u00e4rkten<\/li>\n<li><i class=\"icon-default-style icon-ok accent-color\"><\/i>Durchf\u00fchrung und Pr\u00fcfung zur Analyse der Best Practices f\u00fcr die Kundenerfahrung<\/li>\n<\/ul>\n <\/div><div class=\"nectar-fancy-ul\" data-list-icon=\"icon-salient-thin-line\" data-animation=\"false\" data-animation-delay=\"0\" data-color=\"accent-color\" data-spacing=\"5px\" data-alignment=\"left\"> \n<ul>\n<li>Managerinterviews<\/li>\n<li><i class=\"icon-default-style icon-salient-thin-line accent-color\"><\/i>Interviews mit dem Verkaufsteam<\/li>\n<li><i class=\"icon-default-style icon-salient-thin-line accent-color\"><\/i>Kundeninterviews<\/li>\n<\/ul>\n <\/div><div class=\"nectar-fancy-ul\" data-list-icon=\"fa fa-check\" data-animation=\"false\" data-animation-delay=\"0\" data-color=\"accent-color\" data-spacing=\"5px\" data-alignment=\"left\"> \n<ul>\n<li>Optimierung der Messungsstrategie f\u00fcr Kundenzufriedenheit<\/li>\n<li><i class=\"icon-default-style icon-ok accent-color\"><\/i>Helfen Sie der Personalabteilung, die Rollen und Verantwortlichkeiten in Einzelhandelspositionen neu zu definieren, um sie w\u00fcnschenswerter und genauer zu machen<\/li>\n<li><i class=\"icon-default-style icon-ok accent-color\"><\/i>Zusammenarbeit mit HR, um die Rollen und Verantwortlichkeiten in Einzelhandelspositionen neu zu definieren, und sie begehrlicher zu machen.<\/li>\n<li><i class=\"icon-default-style icon-ok accent-color\"><\/i>Ausarbeitung von inspirierenden Morning-Briefings f\u00fcr Manager und Workshops<\/li>\n<\/ul>\n <\/div>[nectar_cta btn_style=&#8220;arrow-animation&#8220; heading_tag=&#8220;h6&#8243; text_color=&#8220;rgba(186,22,39,0.85)&#8220; button_color=&#8220;default&#8220; link_type=&#8220;regular&#8220; alignment=&#8220;left&#8220; display=&#8220;block&#8220; link_text=&#8220;Zur\u00fcck&#8220; url=&#8220;\/consulting&#8220;][nectar_btn size=&#8220;large&#8220; open_new_tab=&#8220;true&#8220; button_style=&#8220;regular&#8220; button_color_2=&#8220;extra-color-gradient-1&#8243; icon_family=&#8220;iconsmind&#8220; url=&#8220;http:\/\/merk-vision.com\/contact\/?lang=de&#8220; text=&#8220;Reservieren Merk&#8220; css_animation=&#8220;rotateIn&#8220; icon_iconsmind=&#8220;iconsmind-Yes&#8220;][vc_row_inner column_margin=&#8220;default&#8220; text_align=&#8220;left&#8220;][vc_column_inner column_padding=&#8220;no-extra-padding&#8220; column_padding_position=&#8220;all&#8220; background_color_opacity=&#8220;1&#8243; background_hover_color_opacity=&#8220;1&#8243; column_shadow=&#8220;none&#8220; column_border_radius=&#8220;none&#8220; column_link_target=&#8220;_self&#8220; width=&#8220;1\/1&#8243; tablet_width_inherit=&#8220;default&#8220; overlay_strength=&#8220;0.3&#8243; column_border_width=&#8220;none&#8220; column_border_style=&#8220;solid&#8220; bg_image_animation=&#8220;none&#8220; offset=&#8220;vc_hidden-lg vc_hidden-md&#8220;][image_with_animation image_url=&#8220;820&#8243; alignment=&#8220;center&#8220; animation=&#8220;Fade In&#8220; hover_animation=&#8220;none&#8220; border_radius=&#8220;none&#8220; box_shadow=&#8220;none&#8220; image_loading=&#8220;default&#8220; max_width=&#8220;100%&#8220; max_width_mobile=&#8220;default&#8220;][\/vc_column_inner][\/vc_row_inner][\/vc_column][vc_column column_padding=&#8220;padding-2-percent&#8220; column_padding_position=&#8220;left-right&#8220; background_color_opacity=&#8220;1&#8243; background_hover_color_opacity=&#8220;1&#8243; background_image=&#8220;820&#8243; enable_bg_scale=&#8220;true&#8220; column_link_target=&#8220;_self&#8220; column_shadow=&#8220;none&#8220; column_border_radius=&#8220;none&#8220; width=&#8220;1\/2&#8243; tablet_width_inherit=&#8220;default&#8220; tablet_text_alignment=&#8220;default&#8220; phone_text_alignment=&#8220;default&#8220; enable_gradient=&#8220;true&#8220; color_overlay_2=&#8220;#ba1627&#8243; gradient_direction=&#8220;left_t_to_right_b&#8220; overlay_strength=&#8220;0.95&#8243; column_border_width=&#8220;none&#8220; column_border_style=&#8220;solid&#8220; bg_image_animation=&#8220;none&#8220; offset=&#8220;vc_hidden-sm vc_hidden-xs&#8220;][\/vc_column][\/vc_row]\n","protected":false},"excerpt":{"rendered":"<p>[vc_row type=&#8220;full_width_content&#8220; full_screen_row_position=&#8220;middle&#8220; equal_height=&#8220;yes&#8220; content_placement=&#8220;top&#8220; column_margin=&#8220;default&#8220; full_height=&#8220;yes&#8220; columns_placement=&#8220;top&#8220; scene_position=&#8220;center&#8220; text_color=&#8220;dark&#8220; text_align=&#8220;left&#8220; color_overlay=&#8220;#ffffff&#8220; overlay_strength=&#8220;0.95&#8243; shape_divider_color=&#8220;#ba1627&#8243; shape_divider_position=&#8220;bottom&#8220; shape_divider_height=&#8220;170&#8243; shape_divider_bring_to_front=&#8220;true&#8220; bg_image_animation=&#8220;zoom-out-reveal&#8220; parallax_bg=&#8220;true&#8220; parallax_bg_speed=&#8220;fixed&#8220; shape_type=&#8220;tilt_alt&#8220;][vc_column column_padding=&#8220;padding-6-percent&#8220; column_padding_position=&#8220;left-right&#8220; background_color_opacity=&#8220;1&#8243; background_hover_color_opacity=&#8220;1&#8243; column_link_target=&#8220;_self&#8220; column_shadow=&#8220;none&#8220; column_border_radius=&#8220;none&#8220; top_margin=&#8220;4%&#8220; bottom_margin=&#8220;4%&#8220; width=&#8220;1\/2&#8243; tablet_width_inherit=&#8220;default&#8220; tablet_text_alignment=&#8220;default&#8220; phone_text_alignment=&#8220;default&#8220; overlay_strength=&#8220;0.3&#8243; column_border_width=&#8220;none&#8220; column_border_style=&#8220;solid&#8220; bg_image_animation=&#8220;none&#8220;][nectar_gradient_text heading_tag=&#8220;h1&#8243; color=&#8220;extra-color-gradient-1&#8243; gradient_direction=&#8220;horizontal&#8220; text=&#8220;Verbesserung der Kundenerlebnisstrategien&#8220;][divider line_type=&#8220;No Line&#8220; custom_height=&#8220;10&#8243;][nectar_cta btn_style=&#8220;arrow-animation&#8220; heading_tag=&#8220;h6&#8243; text_color=&#8220;rgba(186,22,39,0.85)&#8220; button_color=&#8220;default&#8220; link_type=&#8220;regular&#8220; alignment=&#8220;left&#8220; display=&#8220;block&#8220; link_text=&#8220;Zur\u00fcck&#8220; url=&#8220;\/consulting&#8220;][nectar_btn size=&#8220;large&#8220; open_new_tab=&#8220;true&#8220; button_style=&#8220;regular&#8220; button_color_2=&#8220;extra-color-gradient-1&#8243; icon_family=&#8220;iconsmind&#8220; url=&#8220;http:\/\/merk-vision.com\/contact\/?lang=de&#8220; text=&#8220;Reservieren Merk&#8220; css_animation=&#8220;rotateIn&#8220; icon_iconsmind=&#8220;iconsmind-Yes&#8220;][vc_row_inner column_margin=&#8220;default&#8220; text_align=&#8220;left&#8220;][vc_column_inner column_padding=&#8220;no-extra-padding&#8220; column_padding_position=&#8220;all&#8220; background_color_opacity=&#8220;1&#8243; background_hover_color_opacity=&#8220;1&#8243; column_shadow=&#8220;none&#8220; column_border_radius=&#8220;none&#8220; column_link_target=&#8220;_self&#8220; width=&#8220;1\/1&#8243; tablet_width_inherit=&#8220;default&#8220; overlay_strength=&#8220;0.3&#8243; column_border_width=&#8220;none&#8220; column_border_style=&#8220;solid&#8220; bg_image_animation=&#8220;none&#8220; offset=&#8220;vc_hidden-lg vc_hidden-md&#8220;][image_with_animation image_url=&#8220;820&#8243; alignment=&#8220;center&#8220; animation=&#8220;Fade In&#8220; hover_animation=&#8220;none&#8220; border_radius=&#8220;none&#8220; box_shadow=&#8220;none&#8220; image_loading=&#8220;default&#8220; max_width=&#8220;100%&#8220; max_width_mobile=&#8220;default&#8220;][\/vc_column_inner][\/vc_row_inner][\/vc_column][vc_column column_padding=&#8220;padding-2-percent&#8220; column_padding_position=&#8220;left-right&#8220; background_color_opacity=&#8220;1&#8243; background_hover_color_opacity=&#8220;1&#8243; background_image=&#8220;820&#8243; enable_bg_scale=&#8220;true&#8220; column_link_target=&#8220;_self&#8220;&#8230;<\/p>\n","protected":false},"author":6,"featured_media":1953,"parent":2041,"menu_order":3,"comment_status":"closed","ping_status":"closed","template":"","meta":{"inline_featured_image":false,"footnotes":""},"yoast_head":"<!-- This site is optimized with the Yoast SEO plugin v22.7 - https:\/\/yoast.com\/wordpress\/plugins\/seo\/ -->\n<title>Improve client experience strategies - Merk Vision<\/title>\n<meta name=\"robots\" content=\"index, follow, max-snippet:-1, max-image-preview:large, max-video-preview:-1\" \/>\n<link rel=\"canonical\" href=\"https:\/\/merk-vision.com\/de\/beratung\/improve-client-experience-strategies\/\" \/>\n<meta property=\"og:locale\" content=\"de_DE\" \/>\n<meta property=\"og:type\" content=\"article\" \/>\n<meta property=\"og:title\" content=\"Improve client experience strategies - Merk Vision\" \/>\n<meta property=\"og:description\" content=\"[vc_row type=&#8220;full_width_content&#8220; full_screen_row_position=&#8220;middle&#8220; equal_height=&#8220;yes&#8220; content_placement=&#8220;top&#8220; column_margin=&#8220;default&#8220; full_height=&#8220;yes&#8220; columns_placement=&#8220;top&#8220; scene_position=&#8220;center&#8220; text_color=&#8220;dark&#8220; text_align=&#8220;left&#8220; color_overlay=&#8220;#ffffff&#8220; overlay_strength=&#8220;0.95&#8243; shape_divider_color=&#8220;#ba1627&#8243; shape_divider_position=&#8220;bottom&#8220; shape_divider_height=&#8220;170&#8243; shape_divider_bring_to_front=&#8220;true&#8220; bg_image_animation=&#8220;zoom-out-reveal&#8220; parallax_bg=&#8220;true&#8220; parallax_bg_speed=&#8220;fixed&#8220; shape_type=&#8220;tilt_alt&#8220;][vc_column column_padding=&#8220;padding-6-percent&#8220; column_padding_position=&#8220;left-right&#8220; background_color_opacity=&#8220;1&#8243; background_hover_color_opacity=&#8220;1&#8243; column_link_target=&#8220;_self&#8220; column_shadow=&#8220;none&#8220; column_border_radius=&#8220;none&#8220; top_margin=&#8220;4%&#8220; bottom_margin=&#8220;4%&#8220; width=&#8220;1\/2&#8243; tablet_width_inherit=&#8220;default&#8220; tablet_text_alignment=&#8220;default&#8220; phone_text_alignment=&#8220;default&#8220; overlay_strength=&#8220;0.3&#8243; column_border_width=&#8220;none&#8220; column_border_style=&#8220;solid&#8220; bg_image_animation=&#8220;none&#8220;][nectar_gradient_text heading_tag=&#8220;h1&#8243; color=&#8220;extra-color-gradient-1&#8243; gradient_direction=&#8220;horizontal&#8220; text=&#8220;Verbesserung der Kundenerlebnisstrategien&#8220;][divider line_type=&#8220;No Line&#8220; custom_height=&#8220;10&#8243;][nectar_cta btn_style=&#8220;arrow-animation&#8220; heading_tag=&#8220;h6&#8243; text_color=&#8220;rgba(186,22,39,0.85)&#8220; button_color=&#8220;default&#8220; link_type=&#8220;regular&#8220; alignment=&#8220;left&#8220; display=&#8220;block&#8220; link_text=&#8220;Zur\u00fcck&#8220; url=&#8220;\/consulting&#8220;][nectar_btn size=&#8220;large&#8220; open_new_tab=&#8220;true&#8220; button_style=&#8220;regular&#8220; button_color_2=&#8220;extra-color-gradient-1&#8243; icon_family=&#8220;iconsmind&#8220; url=&#8220;http:\/\/merk-vision.com\/contact\/?lang=de&#8220; text=&#8220;Reservieren Merk&#8220; css_animation=&#8220;rotateIn&#8220; icon_iconsmind=&#8220;iconsmind-Yes&#8220;][vc_row_inner column_margin=&#8220;default&#8220; text_align=&#8220;left&#8220;][vc_column_inner column_padding=&#8220;no-extra-padding&#8220; column_padding_position=&#8220;all&#8220; background_color_opacity=&#8220;1&#8243; background_hover_color_opacity=&#8220;1&#8243; column_shadow=&#8220;none&#8220; column_border_radius=&#8220;none&#8220; column_link_target=&#8220;_self&#8220; width=&#8220;1\/1&#8243; tablet_width_inherit=&#8220;default&#8220; overlay_strength=&#8220;0.3&#8243; column_border_width=&#8220;none&#8220; column_border_style=&#8220;solid&#8220; bg_image_animation=&#8220;none&#8220; offset=&#8220;vc_hidden-lg vc_hidden-md&#8220;][image_with_animation image_url=&#8220;820&#8243; alignment=&#8220;center&#8220; animation=&#8220;Fade In&#8220; hover_animation=&#8220;none&#8220; border_radius=&#8220;none&#8220; box_shadow=&#8220;none&#8220; image_loading=&#8220;default&#8220; max_width=&#8220;100%&#8220; max_width_mobile=&#8220;default&#8220;][\/vc_column_inner][\/vc_row_inner][\/vc_column][vc_column column_padding=&#8220;padding-2-percent&#8220; column_padding_position=&#8220;left-right&#8220; background_color_opacity=&#8220;1&#8243; background_hover_color_opacity=&#8220;1&#8243; background_image=&#8220;820&#8243; enable_bg_scale=&#8220;true&#8220; column_link_target=&#8220;_self&#8220;...\" \/>\n<meta property=\"og:url\" content=\"https:\/\/merk-vision.com\/de\/beratung\/improve-client-experience-strategies\/\" \/>\n<meta property=\"og:site_name\" content=\"Merk Vision\" \/>\n<meta property=\"article:modified_time\" content=\"2020-10-09T21:44:27+00:00\" \/>\n<meta property=\"og:image\" content=\"https:\/\/merk-vision.com\/wp-content\/uploads\/2020\/04\/merk-vision-opengraph.jpg\" \/>\n\t<meta property=\"og:image:width\" content=\"1200\" \/>\n\t<meta property=\"og:image:height\" content=\"630\" \/>\n\t<meta property=\"og:image:type\" content=\"image\/jpeg\" \/>\n<meta name=\"twitter:card\" content=\"summary_large_image\" \/>\n<meta name=\"twitter:label1\" content=\"Gesch\u00e4tzte Lesezeit\" \/>\n\t<meta name=\"twitter:data1\" content=\"3\u00a0Minuten\" \/>\n<script type=\"application\/ld+json\" class=\"yoast-schema-graph\">{\"@context\":\"https:\/\/schema.org\",\"@graph\":[{\"@type\":\"WebPage\",\"@id\":\"https:\/\/merk-vision.com\/de\/beratung\/improve-client-experience-strategies\/\",\"url\":\"https:\/\/merk-vision.com\/de\/beratung\/improve-client-experience-strategies\/\",\"name\":\"Improve client experience strategies - Merk Vision\",\"isPartOf\":{\"@id\":\"https:\/\/merk-vision.com\/#website\"},\"primaryImageOfPage\":{\"@id\":\"https:\/\/merk-vision.com\/de\/beratung\/improve-client-experience-strategies\/#primaryimage\"},\"image\":{\"@id\":\"https:\/\/merk-vision.com\/de\/beratung\/improve-client-experience-strategies\/#primaryimage\"},\"thumbnailUrl\":\"https:\/\/merk-vision.com\/wp-content\/uploads\/2020\/04\/merk-vision-opengraph.jpg\",\"datePublished\":\"2020-09-22T23:20:18+00:00\",\"dateModified\":\"2020-10-09T21:44:27+00:00\",\"breadcrumb\":{\"@id\":\"https:\/\/merk-vision.com\/de\/beratung\/improve-client-experience-strategies\/#breadcrumb\"},\"inLanguage\":\"de\",\"potentialAction\":[{\"@type\":\"ReadAction\",\"target\":[\"https:\/\/merk-vision.com\/de\/beratung\/improve-client-experience-strategies\/\"]}]},{\"@type\":\"ImageObject\",\"inLanguage\":\"de\",\"@id\":\"https:\/\/merk-vision.com\/de\/beratung\/improve-client-experience-strategies\/#primaryimage\",\"url\":\"https:\/\/merk-vision.com\/wp-content\/uploads\/2020\/04\/merk-vision-opengraph.jpg\",\"contentUrl\":\"https:\/\/merk-vision.com\/wp-content\/uploads\/2020\/04\/merk-vision-opengraph.jpg\",\"width\":1200,\"height\":630},{\"@type\":\"BreadcrumbList\",\"@id\":\"https:\/\/merk-vision.com\/de\/beratung\/improve-client-experience-strategies\/#breadcrumb\",\"itemListElement\":[{\"@type\":\"ListItem\",\"position\":1,\"name\":\"Home\",\"item\":\"https:\/\/merk-vision.com\/de\/\"},{\"@type\":\"ListItem\",\"position\":2,\"name\":\"Beratung\",\"item\":\"https:\/\/merk-vision.com\/de\/beratung\/\"},{\"@type\":\"ListItem\",\"position\":3,\"name\":\"Improve client experience strategies\"}]},{\"@type\":\"WebSite\",\"@id\":\"https:\/\/merk-vision.com\/#website\",\"url\":\"https:\/\/merk-vision.com\/\",\"name\":\"Merk Vision\",\"description\":\"Merk Vision consultancy\",\"potentialAction\":[{\"@type\":\"SearchAction\",\"target\":{\"@type\":\"EntryPoint\",\"urlTemplate\":\"https:\/\/merk-vision.com\/?s={search_term_string}\"},\"query-input\":\"required name=search_term_string\"}],\"inLanguage\":\"de\"}]}<\/script>\n<!-- \/ Yoast SEO plugin. -->","yoast_head_json":{"title":"Improve client experience strategies - Merk Vision","robots":{"index":"index","follow":"follow","max-snippet":"max-snippet:-1","max-image-preview":"max-image-preview:large","max-video-preview":"max-video-preview:-1"},"canonical":"https:\/\/merk-vision.com\/de\/beratung\/improve-client-experience-strategies\/","og_locale":"de_DE","og_type":"article","og_title":"Improve client experience strategies - Merk Vision","og_description":"[vc_row type=&#8220;full_width_content&#8220; full_screen_row_position=&#8220;middle&#8220; equal_height=&#8220;yes&#8220; content_placement=&#8220;top&#8220; column_margin=&#8220;default&#8220; full_height=&#8220;yes&#8220; columns_placement=&#8220;top&#8220; scene_position=&#8220;center&#8220; text_color=&#8220;dark&#8220; text_align=&#8220;left&#8220; color_overlay=&#8220;#ffffff&#8220; overlay_strength=&#8220;0.95&#8243; shape_divider_color=&#8220;#ba1627&#8243; shape_divider_position=&#8220;bottom&#8220; shape_divider_height=&#8220;170&#8243; shape_divider_bring_to_front=&#8220;true&#8220; bg_image_animation=&#8220;zoom-out-reveal&#8220; parallax_bg=&#8220;true&#8220; parallax_bg_speed=&#8220;fixed&#8220; shape_type=&#8220;tilt_alt&#8220;][vc_column column_padding=&#8220;padding-6-percent&#8220; column_padding_position=&#8220;left-right&#8220; background_color_opacity=&#8220;1&#8243; background_hover_color_opacity=&#8220;1&#8243; column_link_target=&#8220;_self&#8220; column_shadow=&#8220;none&#8220; column_border_radius=&#8220;none&#8220; top_margin=&#8220;4%&#8220; bottom_margin=&#8220;4%&#8220; width=&#8220;1\/2&#8243; tablet_width_inherit=&#8220;default&#8220; tablet_text_alignment=&#8220;default&#8220; phone_text_alignment=&#8220;default&#8220; overlay_strength=&#8220;0.3&#8243; column_border_width=&#8220;none&#8220; column_border_style=&#8220;solid&#8220; bg_image_animation=&#8220;none&#8220;][nectar_gradient_text heading_tag=&#8220;h1&#8243; color=&#8220;extra-color-gradient-1&#8243; gradient_direction=&#8220;horizontal&#8220; text=&#8220;Verbesserung der Kundenerlebnisstrategien&#8220;][divider line_type=&#8220;No Line&#8220; custom_height=&#8220;10&#8243;][nectar_cta btn_style=&#8220;arrow-animation&#8220; heading_tag=&#8220;h6&#8243; text_color=&#8220;rgba(186,22,39,0.85)&#8220; button_color=&#8220;default&#8220; link_type=&#8220;regular&#8220; alignment=&#8220;left&#8220; display=&#8220;block&#8220; link_text=&#8220;Zur\u00fcck&#8220; url=&#8220;\/consulting&#8220;][nectar_btn size=&#8220;large&#8220; open_new_tab=&#8220;true&#8220; button_style=&#8220;regular&#8220; button_color_2=&#8220;extra-color-gradient-1&#8243; icon_family=&#8220;iconsmind&#8220; url=&#8220;http:\/\/merk-vision.com\/contact\/?lang=de&#8220; text=&#8220;Reservieren Merk&#8220; css_animation=&#8220;rotateIn&#8220; icon_iconsmind=&#8220;iconsmind-Yes&#8220;][vc_row_inner column_margin=&#8220;default&#8220; text_align=&#8220;left&#8220;][vc_column_inner column_padding=&#8220;no-extra-padding&#8220; column_padding_position=&#8220;all&#8220; background_color_opacity=&#8220;1&#8243; background_hover_color_opacity=&#8220;1&#8243; column_shadow=&#8220;none&#8220; column_border_radius=&#8220;none&#8220; column_link_target=&#8220;_self&#8220; width=&#8220;1\/1&#8243; tablet_width_inherit=&#8220;default&#8220; overlay_strength=&#8220;0.3&#8243; column_border_width=&#8220;none&#8220; column_border_style=&#8220;solid&#8220; bg_image_animation=&#8220;none&#8220; offset=&#8220;vc_hidden-lg vc_hidden-md&#8220;][image_with_animation image_url=&#8220;820&#8243; alignment=&#8220;center&#8220; animation=&#8220;Fade In&#8220; hover_animation=&#8220;none&#8220; border_radius=&#8220;none&#8220; box_shadow=&#8220;none&#8220; image_loading=&#8220;default&#8220; max_width=&#8220;100%&#8220; max_width_mobile=&#8220;default&#8220;][\/vc_column_inner][\/vc_row_inner][\/vc_column][vc_column column_padding=&#8220;padding-2-percent&#8220; column_padding_position=&#8220;left-right&#8220; background_color_opacity=&#8220;1&#8243; background_hover_color_opacity=&#8220;1&#8243; background_image=&#8220;820&#8243; enable_bg_scale=&#8220;true&#8220; column_link_target=&#8220;_self&#8220;...","og_url":"https:\/\/merk-vision.com\/de\/beratung\/improve-client-experience-strategies\/","og_site_name":"Merk Vision","article_modified_time":"2020-10-09T21:44:27+00:00","og_image":[{"width":1200,"height":630,"url":"https:\/\/merk-vision.com\/wp-content\/uploads\/2020\/04\/merk-vision-opengraph.jpg","type":"image\/jpeg"}],"twitter_card":"summary_large_image","twitter_misc":{"Gesch\u00e4tzte Lesezeit":"3\u00a0Minuten"},"schema":{"@context":"https:\/\/schema.org","@graph":[{"@type":"WebPage","@id":"https:\/\/merk-vision.com\/de\/beratung\/improve-client-experience-strategies\/","url":"https:\/\/merk-vision.com\/de\/beratung\/improve-client-experience-strategies\/","name":"Improve client experience strategies - Merk Vision","isPartOf":{"@id":"https:\/\/merk-vision.com\/#website"},"primaryImageOfPage":{"@id":"https:\/\/merk-vision.com\/de\/beratung\/improve-client-experience-strategies\/#primaryimage"},"image":{"@id":"https:\/\/merk-vision.com\/de\/beratung\/improve-client-experience-strategies\/#primaryimage"},"thumbnailUrl":"https:\/\/merk-vision.com\/wp-content\/uploads\/2020\/04\/merk-vision-opengraph.jpg","datePublished":"2020-09-22T23:20:18+00:00","dateModified":"2020-10-09T21:44:27+00:00","breadcrumb":{"@id":"https:\/\/merk-vision.com\/de\/beratung\/improve-client-experience-strategies\/#breadcrumb"},"inLanguage":"de","potentialAction":[{"@type":"ReadAction","target":["https:\/\/merk-vision.com\/de\/beratung\/improve-client-experience-strategies\/"]}]},{"@type":"ImageObject","inLanguage":"de","@id":"https:\/\/merk-vision.com\/de\/beratung\/improve-client-experience-strategies\/#primaryimage","url":"https:\/\/merk-vision.com\/wp-content\/uploads\/2020\/04\/merk-vision-opengraph.jpg","contentUrl":"https:\/\/merk-vision.com\/wp-content\/uploads\/2020\/04\/merk-vision-opengraph.jpg","width":1200,"height":630},{"@type":"BreadcrumbList","@id":"https:\/\/merk-vision.com\/de\/beratung\/improve-client-experience-strategies\/#breadcrumb","itemListElement":[{"@type":"ListItem","position":1,"name":"Home","item":"https:\/\/merk-vision.com\/de\/"},{"@type":"ListItem","position":2,"name":"Beratung","item":"https:\/\/merk-vision.com\/de\/beratung\/"},{"@type":"ListItem","position":3,"name":"Improve client experience strategies"}]},{"@type":"WebSite","@id":"https:\/\/merk-vision.com\/#website","url":"https:\/\/merk-vision.com\/","name":"Merk Vision","description":"Merk Vision consultancy","potentialAction":[{"@type":"SearchAction","target":{"@type":"EntryPoint","urlTemplate":"https:\/\/merk-vision.com\/?s={search_term_string}"},"query-input":"required name=search_term_string"}],"inLanguage":"de"}]}},"_links":{"self":[{"href":"https:\/\/merk-vision.com\/de\/wp-json\/wp\/v2\/pages\/2071"}],"collection":[{"href":"https:\/\/merk-vision.com\/de\/wp-json\/wp\/v2\/pages"}],"about":[{"href":"https:\/\/merk-vision.com\/de\/wp-json\/wp\/v2\/types\/page"}],"author":[{"embeddable":true,"href":"https:\/\/merk-vision.com\/de\/wp-json\/wp\/v2\/users\/6"}],"replies":[{"embeddable":true,"href":"https:\/\/merk-vision.com\/de\/wp-json\/wp\/v2\/comments?post=2071"}],"version-history":[{"count":3,"href":"https:\/\/merk-vision.com\/de\/wp-json\/wp\/v2\/pages\/2071\/revisions"}],"predecessor-version":[{"id":2563,"href":"https:\/\/merk-vision.com\/de\/wp-json\/wp\/v2\/pages\/2071\/revisions\/2563"}],"up":[{"embeddable":true,"href":"https:\/\/merk-vision.com\/de\/wp-json\/wp\/v2\/pages\/2041"}],"wp:featuredmedia":[{"embeddable":true,"href":"https:\/\/merk-vision.com\/de\/wp-json\/wp\/v2\/media\/1953"}],"wp:attachment":[{"href":"https:\/\/merk-vision.com\/de\/wp-json\/wp\/v2\/media?parent=2071"}],"curies":[{"name":"wp","href":"https:\/\/api.w.org\/{rel}","templated":true}]}}