{"id":2987,"date":"2021-04-04T22:28:01","date_gmt":"2021-04-04T22:28:01","guid":{"rendered":"https:\/\/merk-vision.com\/?page_id=2987"},"modified":"2021-04-04T22:28:49","modified_gmt":"2021-04-04T22:28:49","slug":"verkaufsbedingungen","status":"publish","type":"page","link":"https:\/\/merk-vision.com\/de\/verkaufsbedingungen\/","title":{"rendered":"Allgemeine Verkaufsbedingungen"},"content":{"rendered":"<h1><strong>Allgemeine Verkaufsbedingungen<\/strong><\/h1>\n<p><strong>Pr\u00e4ambel<\/strong><br \/>\nDie vorliegenden allgemeinen Verkaufsbedingungen gelten f\u00fcr die von der Firma Merk Vision erbrachten Leistungen und Nebenleistungen. In Ermangelung eines von beiden Parteien unterzeichneten schriftlichen Vertrages stellen diese Bedingungen die einzige Vereinbarung zwischen ihnen \u00fcber den Gegenstand der Bestellung dar und haben Vorrang vor allen anderen Dokumenten. F\u00fcr den Fall, dass eine der Bestimmungen dieses Vertrages als nichtig oder ungeschrieben angesehen oder erkl\u00e4rt wird, bleiben die anderen Bestimmungen in vollem Umfang in Kraft.<br \/>\n<strong>Stornierung und Verschiebung<\/strong><br \/>\nAbsage oder Verschiebung durch Merk Vision beh\u00e4lt sich das Recht vor, eine Leistung zu verschieben oder abzusagen. Merk Vision benachrichtigt den Kunden so schnell wie m\u00f6glich. Eine Entsch\u00e4digung des Auftraggebers wegen einer Verschiebung oder eines R\u00fccktritts durch Merk Vision ist ausgeschlossen.<br \/>\n<strong>Stornierung oder Verschiebung aufgrund des &#8222;Kunden<\/strong><br \/>\nIm Falle der Stornierung eines Auftrags werden alle Teilzahlungen und Anzahlungen erworben. Jede Verschiebung oder Stornierung wird nach den folgenden Fristen berechnet: -25% des f\u00e4lligen Betrages, wenn die Stornierung oder Verschiebung weniger als 10 Tage und mehr als 5 Tage vor Beginn der Dienstleistung erfolgt. -100% des f\u00e4lligen Betrages, wenn die Stornierung oder Verschiebung weniger als 5 Tage vor Beginn der Dienstleistung erfolgt. Wenn ein Referent reisen muss, werden die Reisekosten (und ggf. die Unterkunft) extra berechnet.<br \/>\n<strong>Preise<\/strong><br \/>\nDie Verkaufspreise der Schulungen variieren je nach Art der Schulung. Vordefinierte Schulungen haben feste Preise, unabh\u00e4ngig von der Anzahl der Teilnehmer. Die Preise f\u00fcr ma\u00dfgeschneiderte Kurse richten sich nach den gew\u00e4hlten Modulen und der Anzahl der Schulungstage. Die Kosten f\u00fcr die Werkzeuge und Unterrichtsmaterialien sind in den angegebenen Tagespreisen enthalten, eventuelle Reise- und \u00dcbernachtungskosten f\u00fcr unsere Berater und Trainer werden zus\u00e4tzlich in Rechnung gestellt.<br \/>\n<strong>Zahlungskonditionen<\/strong><br \/>\nDie Zahlung muss vom Kunden sp\u00e4testens innerhalb von f\u00fcnfundvierzig Tagen ab dem Datum der Intervention erfolgen, ausgenommen k\u00fcrzere oder l\u00e4ngere Fristen, die von Merk Vision speziell vereinbart wurden. Jeder Zahlungsverzug kann eine Unterbrechung der Leistungen begr\u00fcnden. Bei Zahlungsverzug wird eine Strafe in H\u00f6he des 3-fachen des gesetzlichen Zinssatzes f\u00e4llig (Art. L 441-6, Absatz 12 des Handelsgesetzbuches).F\u00fcr jeden Gewerbetreibenden, zus\u00e4tzlich zu den Verzugszuschl\u00e4gen, wird jede Summe, die nicht zum Zeitpunkt ihrer F\u00e4lligkeit gezahlt wird, von Rechts wegen die Zahlung einer Pauschalverg\u00fctung in H\u00f6he von 40 \u20ac f\u00fcr die Kosten der Wiederbeschaffung (Art. Umgekehrt wird bei einer vorzeitigen Zahlung kein Skonto gem\u00e4\u00df dem Gesetz Nr. 92.1442 vom 31\/12\/92 gew\u00e4hrt.<br \/>\n<strong>Klausel der Verwirkung der Laufzeit<\/strong><br \/>\nJede von Merk Vision einger\u00e4umte Frist beinhaltet die Klausel der Verwirkung der Frist. Ein einziger unbezahlter Termin macht den Restbetrag der Schuld sofort f\u00e4llig.<br \/>\n<strong>Vertraulichkeit und Eigentumsrechte<\/strong><br \/>\nDie dem &#8222;Auftraggeber&#8220; zur Verf\u00fcgung gestellten Unterlagen sind urheberrechtlich gesch\u00fctzt. Alle verwendeten Lehrmittel bleiben alleiniges Eigentum von Merk Vision oder deren Partnern. Folglich stellt die Vervielf\u00e4ltigung, Verbreitung oder \u00f6ffentliche Wiedergabe ohne die vorherige ausdr\u00fcckliche Genehmigung von Merk Vision eine F\u00e4lschung dar und unterliegt den damit verbundenen Sanktionen. Recht und Zust\u00e4ndigkeitszuweisung Die vorliegenden Verkaufsbedingungen unterliegen dem franz\u00f6sischen Recht. Im Falle von Streitigkeiten wird der Gerichtsstand Nanterre vereinbart, ungeachtet mehrerer Beklagter oder Gew\u00e4hrleistungsanspr\u00fcche. Dar\u00fcber hinaus wird eine Vertragsstrafe in H\u00f6he von 15 % des Rechnungsbetrags einschlie\u00dflich Mehrwertsteuer f\u00e4llig.<br \/>\nGeschehen zu S\u00e8vres, 5.4.2021<\/p>\n<p>&nbsp;<\/p>\n","protected":false},"excerpt":{"rendered":"<p>Allgemeine Verkaufsbedingungen Pr\u00e4ambel Die vorliegenden allgemeinen Verkaufsbedingungen gelten f\u00fcr die von der Firma Merk Vision erbrachten Leistungen und Nebenleistungen. In Ermangelung eines von beiden Parteien unterzeichneten schriftlichen Vertrages stellen diese Bedingungen die einzige Vereinbarung zwischen ihnen \u00fcber den Gegenstand der Bestellung dar und haben Vorrang vor allen anderen Dokumenten. F\u00fcr den Fall, dass eine der Bestimmungen dieses Vertrages als nichtig oder ungeschrieben angesehen oder erkl\u00e4rt wird, bleiben die anderen Bestimmungen in vollem Umfang in Kraft. Stornierung und Verschiebung Absage oder Verschiebung durch Merk Vision beh\u00e4lt sich das Recht vor, eine Leistung zu verschieben oder abzusagen. Merk Vision benachrichtigt den Kunden&#8230;<\/p>\n","protected":false},"author":6,"featured_media":0,"parent":0,"menu_order":0,"comment_status":"closed","ping_status":"closed","template":"","meta":{"inline_featured_image":false,"footnotes":""},"yoast_head":"<!-- This site is optimized with the Yoast SEO plugin v22.7 - https:\/\/yoast.com\/wordpress\/plugins\/seo\/ -->\n<title>Allgemeine Verkaufsbedingungen - Merk Vision<\/title>\n<meta name=\"robots\" content=\"index, follow, max-snippet:-1, max-image-preview:large, max-video-preview:-1\" \/>\n<link rel=\"canonical\" href=\"https:\/\/merk-vision.com\/de\/verkaufsbedingungen\/\" \/>\n<meta property=\"og:locale\" content=\"de_DE\" \/>\n<meta property=\"og:type\" content=\"article\" \/>\n<meta property=\"og:title\" content=\"Allgemeine Verkaufsbedingungen - Merk Vision\" \/>\n<meta property=\"og:description\" content=\"Allgemeine Verkaufsbedingungen Pr\u00e4ambel Die vorliegenden allgemeinen Verkaufsbedingungen gelten f\u00fcr die von der Firma Merk Vision erbrachten Leistungen und Nebenleistungen. In Ermangelung eines von beiden Parteien unterzeichneten schriftlichen Vertrages stellen diese Bedingungen die einzige Vereinbarung zwischen ihnen \u00fcber den Gegenstand der Bestellung dar und haben Vorrang vor allen anderen Dokumenten. F\u00fcr den Fall, dass eine der Bestimmungen dieses Vertrages als nichtig oder ungeschrieben angesehen oder erkl\u00e4rt wird, bleiben die anderen Bestimmungen in vollem Umfang in Kraft. Stornierung und Verschiebung Absage oder Verschiebung durch Merk Vision beh\u00e4lt sich das Recht vor, eine Leistung zu verschieben oder abzusagen. Merk Vision benachrichtigt den Kunden...\" \/>\n<meta property=\"og:url\" content=\"https:\/\/merk-vision.com\/de\/verkaufsbedingungen\/\" \/>\n<meta property=\"og:site_name\" content=\"Merk Vision\" \/>\n<meta property=\"article:modified_time\" content=\"2021-04-04T22:28:49+00:00\" \/>\n<meta name=\"twitter:card\" content=\"summary_large_image\" \/>\n<meta name=\"twitter:label1\" content=\"Gesch\u00e4tzte Lesezeit\" \/>\n\t<meta name=\"twitter:data1\" content=\"3\u00a0Minuten\" \/>\n<script type=\"application\/ld+json\" class=\"yoast-schema-graph\">{\"@context\":\"https:\/\/schema.org\",\"@graph\":[{\"@type\":\"WebPage\",\"@id\":\"https:\/\/merk-vision.com\/de\/verkaufsbedingungen\/\",\"url\":\"https:\/\/merk-vision.com\/de\/verkaufsbedingungen\/\",\"name\":\"Allgemeine Verkaufsbedingungen - Merk Vision\",\"isPartOf\":{\"@id\":\"https:\/\/merk-vision.com\/#website\"},\"datePublished\":\"2021-04-04T22:28:01+00:00\",\"dateModified\":\"2021-04-04T22:28:49+00:00\",\"breadcrumb\":{\"@id\":\"https:\/\/merk-vision.com\/de\/verkaufsbedingungen\/#breadcrumb\"},\"inLanguage\":\"de\",\"potentialAction\":[{\"@type\":\"ReadAction\",\"target\":[\"https:\/\/merk-vision.com\/de\/verkaufsbedingungen\/\"]}]},{\"@type\":\"BreadcrumbList\",\"@id\":\"https:\/\/merk-vision.com\/de\/verkaufsbedingungen\/#breadcrumb\",\"itemListElement\":[{\"@type\":\"ListItem\",\"position\":1,\"name\":\"Home\",\"item\":\"https:\/\/merk-vision.com\/de\/\"},{\"@type\":\"ListItem\",\"position\":2,\"name\":\"Allgemeine Verkaufsbedingungen\"}]},{\"@type\":\"WebSite\",\"@id\":\"https:\/\/merk-vision.com\/#website\",\"url\":\"https:\/\/merk-vision.com\/\",\"name\":\"Merk Vision\",\"description\":\"Merk Vision consultancy\",\"potentialAction\":[{\"@type\":\"SearchAction\",\"target\":{\"@type\":\"EntryPoint\",\"urlTemplate\":\"https:\/\/merk-vision.com\/?s={search_term_string}\"},\"query-input\":\"required name=search_term_string\"}],\"inLanguage\":\"de\"}]}<\/script>\n<!-- \/ Yoast SEO plugin. -->","yoast_head_json":{"title":"Allgemeine Verkaufsbedingungen - Merk Vision","robots":{"index":"index","follow":"follow","max-snippet":"max-snippet:-1","max-image-preview":"max-image-preview:large","max-video-preview":"max-video-preview:-1"},"canonical":"https:\/\/merk-vision.com\/de\/verkaufsbedingungen\/","og_locale":"de_DE","og_type":"article","og_title":"Allgemeine Verkaufsbedingungen - Merk Vision","og_description":"Allgemeine Verkaufsbedingungen Pr\u00e4ambel Die vorliegenden allgemeinen Verkaufsbedingungen gelten f\u00fcr die von der Firma Merk Vision erbrachten Leistungen und Nebenleistungen. In Ermangelung eines von beiden Parteien unterzeichneten schriftlichen Vertrages stellen diese Bedingungen die einzige Vereinbarung zwischen ihnen \u00fcber den Gegenstand der Bestellung dar und haben Vorrang vor allen anderen Dokumenten. F\u00fcr den Fall, dass eine der Bestimmungen dieses Vertrages als nichtig oder ungeschrieben angesehen oder erkl\u00e4rt wird, bleiben die anderen Bestimmungen in vollem Umfang in Kraft. Stornierung und Verschiebung Absage oder Verschiebung durch Merk Vision beh\u00e4lt sich das Recht vor, eine Leistung zu verschieben oder abzusagen. Merk Vision benachrichtigt den Kunden...","og_url":"https:\/\/merk-vision.com\/de\/verkaufsbedingungen\/","og_site_name":"Merk Vision","article_modified_time":"2021-04-04T22:28:49+00:00","twitter_card":"summary_large_image","twitter_misc":{"Gesch\u00e4tzte Lesezeit":"3\u00a0Minuten"},"schema":{"@context":"https:\/\/schema.org","@graph":[{"@type":"WebPage","@id":"https:\/\/merk-vision.com\/de\/verkaufsbedingungen\/","url":"https:\/\/merk-vision.com\/de\/verkaufsbedingungen\/","name":"Allgemeine Verkaufsbedingungen - Merk Vision","isPartOf":{"@id":"https:\/\/merk-vision.com\/#website"},"datePublished":"2021-04-04T22:28:01+00:00","dateModified":"2021-04-04T22:28:49+00:00","breadcrumb":{"@id":"https:\/\/merk-vision.com\/de\/verkaufsbedingungen\/#breadcrumb"},"inLanguage":"de","potentialAction":[{"@type":"ReadAction","target":["https:\/\/merk-vision.com\/de\/verkaufsbedingungen\/"]}]},{"@type":"BreadcrumbList","@id":"https:\/\/merk-vision.com\/de\/verkaufsbedingungen\/#breadcrumb","itemListElement":[{"@type":"ListItem","position":1,"name":"Home","item":"https:\/\/merk-vision.com\/de\/"},{"@type":"ListItem","position":2,"name":"Allgemeine Verkaufsbedingungen"}]},{"@type":"WebSite","@id":"https:\/\/merk-vision.com\/#website","url":"https:\/\/merk-vision.com\/","name":"Merk Vision","description":"Merk Vision consultancy","potentialAction":[{"@type":"SearchAction","target":{"@type":"EntryPoint","urlTemplate":"https:\/\/merk-vision.com\/?s={search_term_string}"},"query-input":"required name=search_term_string"}],"inLanguage":"de"}]}},"_links":{"self":[{"href":"https:\/\/merk-vision.com\/de\/wp-json\/wp\/v2\/pages\/2987"}],"collection":[{"href":"https:\/\/merk-vision.com\/de\/wp-json\/wp\/v2\/pages"}],"about":[{"href":"https:\/\/merk-vision.com\/de\/wp-json\/wp\/v2\/types\/page"}],"author":[{"embeddable":true,"href":"https:\/\/merk-vision.com\/de\/wp-json\/wp\/v2\/users\/6"}],"replies":[{"embeddable":true,"href":"https:\/\/merk-vision.com\/de\/wp-json\/wp\/v2\/comments?post=2987"}],"version-history":[{"count":2,"href":"https:\/\/merk-vision.com\/de\/wp-json\/wp\/v2\/pages\/2987\/revisions"}],"predecessor-version":[{"id":2989,"href":"https:\/\/merk-vision.com\/de\/wp-json\/wp\/v2\/pages\/2987\/revisions\/2989"}],"wp:attachment":[{"href":"https:\/\/merk-vision.com\/de\/wp-json\/wp\/v2\/media?parent=2987"}],"curies":[{"name":"wp","href":"https:\/\/api.w.org\/{rel}","templated":true}]}}