{"id":2069,"date":"2020-09-22T23:18:02","date_gmt":"2020-09-22T23:18:02","guid":{"rendered":"http:\/\/merk-vision.com\/?page_id=2069"},"modified":"2021-04-20T10:05:31","modified_gmt":"2021-04-20T10:05:31","slug":"improve-client-experience-strategies","status":"publish","type":"page","link":"https:\/\/merk-vision.com\/fr\/conseil\/improve-client-experience-strategies\/","title":{"rendered":"Improve client experience strategies"},"content":{"rendered":"[vc_row type=\u00a0\u00bbfull_width_content\u00a0\u00bb full_screen_row_position=\u00a0\u00bbmiddle\u00a0\u00bb equal_height=\u00a0\u00bbyes\u00a0\u00bb content_placement=\u00a0\u00bbtop\u00a0\u00bb column_margin=\u00a0\u00bbdefault\u00a0\u00bb full_height=\u00a0\u00bbyes\u00a0\u00bb columns_placement=\u00a0\u00bbtop\u00a0\u00bb scene_position=\u00a0\u00bbcenter\u00a0\u00bb text_color=\u00a0\u00bbdark\u00a0\u00bb text_align=\u00a0\u00bbleft\u00a0\u00bb color_overlay=\u00a0\u00bb#ffffff\u00a0\u00bb overlay_strength=\u00a0\u00bb0.95&Prime; shape_divider_color=\u00a0\u00bb#ba1627&Prime; shape_divider_position=\u00a0\u00bbbottom\u00a0\u00bb shape_divider_height=\u00a0\u00bb170&Prime; shape_divider_bring_to_front=\u00a0\u00bbtrue\u00a0\u00bb bg_image_animation=\u00a0\u00bbzoom-out-reveal\u00a0\u00bb parallax_bg=\u00a0\u00bbtrue\u00a0\u00bb parallax_bg_speed=\u00a0\u00bbfixed\u00a0\u00bb shape_type=\u00a0\u00bbtilt_alt\u00a0\u00bb][vc_column column_padding=\u00a0\u00bbpadding-6-percent\u00a0\u00bb column_padding_position=\u00a0\u00bbleft-right\u00a0\u00bb background_color_opacity=\u00a0\u00bb1&Prime; background_hover_color_opacity=\u00a0\u00bb1&Prime; column_link_target=\u00a0\u00bb_self\u00a0\u00bb column_shadow=\u00a0\u00bbnone\u00a0\u00bb column_border_radius=\u00a0\u00bbnone\u00a0\u00bb top_margin=\u00a0\u00bb4%\u00a0\u00bb bottom_margin=\u00a0\u00bb4%\u00a0\u00bb width=\u00a0\u00bb1\/2&Prime; tablet_width_inherit=\u00a0\u00bbdefault\u00a0\u00bb tablet_text_alignment=\u00a0\u00bbdefault\u00a0\u00bb phone_text_alignment=\u00a0\u00bbdefault\u00a0\u00bb overlay_strength=\u00a0\u00bb0.3&Prime; column_border_width=\u00a0\u00bbnone\u00a0\u00bb column_border_style=\u00a0\u00bbsolid\u00a0\u00bb bg_image_animation=\u00a0\u00bbnone\u00a0\u00bb][nectar_gradient_text heading_tag=\u00a0\u00bbh1&Prime; color=\u00a0\u00bbextra-color-gradient-1&Prime; gradient_direction=\u00a0\u00bbhorizontal\u00a0\u00bb text=\u00a0\u00bbAm\u00e9liorer les strat\u00e9gies d&rsquo;exp\u00e9rience client\u00a0\u00bb][divider line_type=\u00a0\u00bbNo Line\u00a0\u00bb custom_height=\u00a0\u00bb10&Prime;]<div class=\"nectar-fancy-ul\" data-list-icon=\"fa fa-check\" data-animation=\"false\" data-animation-delay=\"0\" data-color=\"accent-color\" data-spacing=\"5px\" data-alignment=\"left\"> \n<ul>\n<li>Harmoniser et am\u00e9liorer la strat\u00e9gie d&rsquo;exp\u00e9rience client sur tous les march\u00e9s<\/li>\n<li><i class=\"icon-default-style icon-ok accent-color\"><\/i>Audit pour analyser les meilleures pratiques de l&rsquo;exp\u00e9rience client<\/li>\n<\/ul>\n <\/div><div class=\"nectar-fancy-ul\" data-list-icon=\"icon-salient-thin-line\" data-animation=\"false\" data-animation-delay=\"0\" data-color=\"accent-color\" data-spacing=\"5px\" data-alignment=\"left\"> \n<ul>\n<li>Entretiens avec les managers<\/li>\n<li>Entretiens avec l&rsquo;\u00e9quipe commerciale<\/li>\n<li>Entretiens avec les clients<\/li>\n<\/ul>\n <\/div><div class=\"nectar-fancy-ul\" data-list-icon=\"fa fa-check\" data-animation=\"false\" data-animation-delay=\"0\" data-color=\"accent-color\" data-spacing=\"5px\" data-alignment=\"left\"> \n<ul>\n<li>Fournir une nouvelle recommandation de mesure de l&rsquo;exp\u00e9rience client<\/li>\n<li><i class=\"icon-default-style icon-ok accent-color\"><\/i>Aider les ressources humaines \u00e0 red\u00e9finir les r\u00f4les et responsabilit\u00e9s dans les postes retail afin de les rendre plus d\u00e9sirables et plus pr\u00e9cis<\/li>\n<li><i class=\"icon-default-style icon-ok accent-color\"><\/i>\u00c9laborer des briefings matinaux pour les managers en magasin afin de leur fournir un nouveau contenu inspirant, en lien avec la marque<\/li>\n<li><i class=\"icon-default-style icon-ok accent-color\"><\/i>Animer les conventions et ateliers de vente au d\u00e9tail<\/li>\n<\/ul>\n <\/div>[nectar_cta btn_style=\u00a0\u00bbarrow-animation\u00a0\u00bb heading_tag=\u00a0\u00bbh6&Prime; text_color=\u00a0\u00bbrgba(186,22,39,0.85)\u00a0\u00bb button_color=\u00a0\u00bbdefault\u00a0\u00bb link_type=\u00a0\u00bbregular\u00a0\u00bb alignment=\u00a0\u00bbleft\u00a0\u00bb display=\u00a0\u00bbblock\u00a0\u00bb link_text=\u00a0\u00bbRetour\u00a0\u00bb url=\u00a0\u00bb\/consulting\u00a0\u00bb][nectar_btn size=\u00a0\u00bblarge\u00a0\u00bb open_new_tab=\u00a0\u00bbtrue\u00a0\u00bb button_style=\u00a0\u00bbregular\u00a0\u00bb button_color_2=\u00a0\u00bbextra-color-gradient-1&Prime; icon_family=\u00a0\u00bbiconsmind\u00a0\u00bb url=\u00a0\u00bbhttp:\/\/merk-vision.com\/contact\/?lang=fr\u00a0\u00bb text=\u00a0\u00bbR\u00e9servez Merk\u00a0\u00bb css_animation=\u00a0\u00bbrotateIn\u00a0\u00bb icon_iconsmind=\u00a0\u00bbiconsmind-Yes\u00a0\u00bb][vc_row_inner column_margin=\u00a0\u00bbdefault\u00a0\u00bb text_align=\u00a0\u00bbleft\u00a0\u00bb][vc_column_inner column_padding=\u00a0\u00bbno-extra-padding\u00a0\u00bb column_padding_position=\u00a0\u00bball\u00a0\u00bb background_color_opacity=\u00a0\u00bb1&Prime; background_hover_color_opacity=\u00a0\u00bb1&Prime; column_shadow=\u00a0\u00bbnone\u00a0\u00bb column_border_radius=\u00a0\u00bbnone\u00a0\u00bb column_link_target=\u00a0\u00bb_self\u00a0\u00bb width=\u00a0\u00bb1\/1&Prime; tablet_width_inherit=\u00a0\u00bbdefault\u00a0\u00bb overlay_strength=\u00a0\u00bb0.3&Prime; column_border_width=\u00a0\u00bbnone\u00a0\u00bb column_border_style=\u00a0\u00bbsolid\u00a0\u00bb bg_image_animation=\u00a0\u00bbnone\u00a0\u00bb offset=\u00a0\u00bbvc_hidden-lg vc_hidden-md\u00a0\u00bb][image_with_animation image_url=\u00a0\u00bb820&Prime; alignment=\u00a0\u00bbcenter\u00a0\u00bb animation=\u00a0\u00bbFade In\u00a0\u00bb hover_animation=\u00a0\u00bbnone\u00a0\u00bb border_radius=\u00a0\u00bbnone\u00a0\u00bb box_shadow=\u00a0\u00bbnone\u00a0\u00bb image_loading=\u00a0\u00bbdefault\u00a0\u00bb max_width=\u00a0\u00bb100%\u00a0\u00bb max_width_mobile=\u00a0\u00bbdefault\u00a0\u00bb][\/vc_column_inner][\/vc_row_inner][\/vc_column][vc_column column_padding=\u00a0\u00bbpadding-2-percent\u00a0\u00bb column_padding_position=\u00a0\u00bbleft-right\u00a0\u00bb background_color_opacity=\u00a0\u00bb1&Prime; background_hover_color_opacity=\u00a0\u00bb1&Prime; background_image=\u00a0\u00bb820&Prime; enable_bg_scale=\u00a0\u00bbtrue\u00a0\u00bb column_link_target=\u00a0\u00bb_self\u00a0\u00bb column_shadow=\u00a0\u00bbnone\u00a0\u00bb column_border_radius=\u00a0\u00bbnone\u00a0\u00bb width=\u00a0\u00bb1\/2&Prime; tablet_width_inherit=\u00a0\u00bbdefault\u00a0\u00bb tablet_text_alignment=\u00a0\u00bbdefault\u00a0\u00bb phone_text_alignment=\u00a0\u00bbdefault\u00a0\u00bb enable_gradient=\u00a0\u00bbtrue\u00a0\u00bb color_overlay_2=\u00a0\u00bb#ba1627&Prime; gradient_direction=\u00a0\u00bbleft_t_to_right_b\u00a0\u00bb overlay_strength=\u00a0\u00bb0.95&Prime; column_border_width=\u00a0\u00bbnone\u00a0\u00bb column_border_style=\u00a0\u00bbsolid\u00a0\u00bb bg_image_animation=\u00a0\u00bbnone\u00a0\u00bb offset=\u00a0\u00bbvc_hidden-sm vc_hidden-xs\u00a0\u00bb][\/vc_column][\/vc_row]\n","protected":false},"excerpt":{"rendered":"<p>[vc_row type=\u00a0\u00bbfull_width_content\u00a0\u00bb full_screen_row_position=\u00a0\u00bbmiddle\u00a0\u00bb equal_height=\u00a0\u00bbyes\u00a0\u00bb content_placement=\u00a0\u00bbtop\u00a0\u00bb column_margin=\u00a0\u00bbdefault\u00a0\u00bb full_height=\u00a0\u00bbyes\u00a0\u00bb columns_placement=\u00a0\u00bbtop\u00a0\u00bb scene_position=\u00a0\u00bbcenter\u00a0\u00bb text_color=\u00a0\u00bbdark\u00a0\u00bb text_align=\u00a0\u00bbleft\u00a0\u00bb color_overlay=\u00a0\u00bb#ffffff\u00a0\u00bb overlay_strength=\u00a0\u00bb0.95&Prime; shape_divider_color=\u00a0\u00bb#ba1627&Prime; shape_divider_position=\u00a0\u00bbbottom\u00a0\u00bb shape_divider_height=\u00a0\u00bb170&Prime; shape_divider_bring_to_front=\u00a0\u00bbtrue\u00a0\u00bb bg_image_animation=\u00a0\u00bbzoom-out-reveal\u00a0\u00bb parallax_bg=\u00a0\u00bbtrue\u00a0\u00bb parallax_bg_speed=\u00a0\u00bbfixed\u00a0\u00bb shape_type=\u00a0\u00bbtilt_alt\u00a0\u00bb][vc_column column_padding=\u00a0\u00bbpadding-6-percent\u00a0\u00bb column_padding_position=\u00a0\u00bbleft-right\u00a0\u00bb background_color_opacity=\u00a0\u00bb1&Prime; background_hover_color_opacity=\u00a0\u00bb1&Prime; column_link_target=\u00a0\u00bb_self\u00a0\u00bb column_shadow=\u00a0\u00bbnone\u00a0\u00bb column_border_radius=\u00a0\u00bbnone\u00a0\u00bb top_margin=\u00a0\u00bb4%\u00a0\u00bb bottom_margin=\u00a0\u00bb4%\u00a0\u00bb width=\u00a0\u00bb1\/2&Prime; tablet_width_inherit=\u00a0\u00bbdefault\u00a0\u00bb tablet_text_alignment=\u00a0\u00bbdefault\u00a0\u00bb phone_text_alignment=\u00a0\u00bbdefault\u00a0\u00bb overlay_strength=\u00a0\u00bb0.3&Prime; column_border_width=\u00a0\u00bbnone\u00a0\u00bb column_border_style=\u00a0\u00bbsolid\u00a0\u00bb bg_image_animation=\u00a0\u00bbnone\u00a0\u00bb][nectar_gradient_text heading_tag=\u00a0\u00bbh1&Prime; color=\u00a0\u00bbextra-color-gradient-1&Prime; gradient_direction=\u00a0\u00bbhorizontal\u00a0\u00bb text=\u00a0\u00bbAm\u00e9liorer les strat\u00e9gies d&rsquo;exp\u00e9rience client\u00a0\u00bb][divider line_type=\u00a0\u00bbNo Line\u00a0\u00bb custom_height=\u00a0\u00bb10&Prime;][nectar_cta btn_style=\u00a0\u00bbarrow-animation\u00a0\u00bb heading_tag=\u00a0\u00bbh6&Prime; text_color=\u00a0\u00bbrgba(186,22,39,0.85)\u00a0\u00bb button_color=\u00a0\u00bbdefault\u00a0\u00bb link_type=\u00a0\u00bbregular\u00a0\u00bb alignment=\u00a0\u00bbleft\u00a0\u00bb display=\u00a0\u00bbblock\u00a0\u00bb link_text=\u00a0\u00bbRetour\u00a0\u00bb url=\u00a0\u00bb\/consulting\u00a0\u00bb][nectar_btn size=\u00a0\u00bblarge\u00a0\u00bb open_new_tab=\u00a0\u00bbtrue\u00a0\u00bb button_style=\u00a0\u00bbregular\u00a0\u00bb button_color_2=\u00a0\u00bbextra-color-gradient-1&Prime; icon_family=\u00a0\u00bbiconsmind\u00a0\u00bb url=\u00a0\u00bbhttp:\/\/merk-vision.com\/contact\/?lang=fr\u00a0\u00bb text=\u00a0\u00bbR\u00e9servez Merk\u00a0\u00bb css_animation=\u00a0\u00bbrotateIn\u00a0\u00bb icon_iconsmind=\u00a0\u00bbiconsmind-Yes\u00a0\u00bb][vc_row_inner column_margin=\u00a0\u00bbdefault\u00a0\u00bb text_align=\u00a0\u00bbleft\u00a0\u00bb][vc_column_inner column_padding=\u00a0\u00bbno-extra-padding\u00a0\u00bb column_padding_position=\u00a0\u00bball\u00a0\u00bb background_color_opacity=\u00a0\u00bb1&Prime; background_hover_color_opacity=\u00a0\u00bb1&Prime; column_shadow=\u00a0\u00bbnone\u00a0\u00bb column_border_radius=\u00a0\u00bbnone\u00a0\u00bb column_link_target=\u00a0\u00bb_self\u00a0\u00bb width=\u00a0\u00bb1\/1&Prime; tablet_width_inherit=\u00a0\u00bbdefault\u00a0\u00bb overlay_strength=\u00a0\u00bb0.3&Prime; column_border_width=\u00a0\u00bbnone\u00a0\u00bb column_border_style=\u00a0\u00bbsolid\u00a0\u00bb bg_image_animation=\u00a0\u00bbnone\u00a0\u00bb offset=\u00a0\u00bbvc_hidden-lg vc_hidden-md\u00a0\u00bb][image_with_animation image_url=\u00a0\u00bb820&Prime; alignment=\u00a0\u00bbcenter\u00a0\u00bb animation=\u00a0\u00bbFade In\u00a0\u00bb hover_animation=\u00a0\u00bbnone\u00a0\u00bb border_radius=\u00a0\u00bbnone\u00a0\u00bb box_shadow=\u00a0\u00bbnone\u00a0\u00bb image_loading=\u00a0\u00bbdefault\u00a0\u00bb max_width=\u00a0\u00bb100%\u00a0\u00bb max_width_mobile=\u00a0\u00bbdefault\u00a0\u00bb][\/vc_column_inner][\/vc_row_inner][\/vc_column][vc_column column_padding=\u00a0\u00bbpadding-2-percent\u00a0\u00bb column_padding_position=\u00a0\u00bbleft-right\u00a0\u00bb background_color_opacity=\u00a0\u00bb1&Prime; background_hover_color_opacity=\u00a0\u00bb1&Prime; background_image=\u00a0\u00bb820&Prime;&#8230;<\/p>\n","protected":false},"author":6,"featured_media":0,"parent":2030,"menu_order":3,"comment_status":"closed","ping_status":"closed","template":"","meta":{"inline_featured_image":false,"footnotes":""},"yoast_head":"<!-- This site is optimized with the Yoast SEO plugin v22.7 - https:\/\/yoast.com\/wordpress\/plugins\/seo\/ -->\n<title>Consulting am\u00e9liorer les strat\u00e9gies d&#039;exp\u00e9rience client - Merk Vision<\/title>\n<meta name=\"robots\" content=\"index, follow, max-snippet:-1, max-image-preview:large, max-video-preview:-1\" \/>\n<link rel=\"canonical\" href=\"https:\/\/merk-vision.com\/fr\/conseil\/improve-client-experience-strategies\/\" \/>\n<meta property=\"og:locale\" content=\"fr_FR\" \/>\n<meta property=\"og:type\" content=\"article\" \/>\n<meta property=\"og:title\" content=\"Consulting am\u00e9liorer les strat\u00e9gies d&#039;exp\u00e9rience client - Merk Vision\" \/>\n<meta property=\"og:description\" content=\"[vc_row type=\u00a0\u00bbfull_width_content\u00a0\u00bb full_screen_row_position=\u00a0\u00bbmiddle\u00a0\u00bb equal_height=\u00a0\u00bbyes\u00a0\u00bb content_placement=\u00a0\u00bbtop\u00a0\u00bb column_margin=\u00a0\u00bbdefault\u00a0\u00bb full_height=\u00a0\u00bbyes\u00a0\u00bb columns_placement=\u00a0\u00bbtop\u00a0\u00bb scene_position=\u00a0\u00bbcenter\u00a0\u00bb text_color=\u00a0\u00bbdark\u00a0\u00bb text_align=\u00a0\u00bbleft\u00a0\u00bb color_overlay=\u00a0\u00bb#ffffff\u00a0\u00bb overlay_strength=\u00a0\u00bb0.95&Prime; shape_divider_color=\u00a0\u00bb#ba1627&Prime; shape_divider_position=\u00a0\u00bbbottom\u00a0\u00bb shape_divider_height=\u00a0\u00bb170&Prime; shape_divider_bring_to_front=\u00a0\u00bbtrue\u00a0\u00bb bg_image_animation=\u00a0\u00bbzoom-out-reveal\u00a0\u00bb parallax_bg=\u00a0\u00bbtrue\u00a0\u00bb parallax_bg_speed=\u00a0\u00bbfixed\u00a0\u00bb shape_type=\u00a0\u00bbtilt_alt\u00a0\u00bb][vc_column column_padding=\u00a0\u00bbpadding-6-percent\u00a0\u00bb column_padding_position=\u00a0\u00bbleft-right\u00a0\u00bb background_color_opacity=\u00a0\u00bb1&Prime; background_hover_color_opacity=\u00a0\u00bb1&Prime; column_link_target=\u00a0\u00bb_self\u00a0\u00bb column_shadow=\u00a0\u00bbnone\u00a0\u00bb column_border_radius=\u00a0\u00bbnone\u00a0\u00bb top_margin=\u00a0\u00bb4%\u00a0\u00bb bottom_margin=\u00a0\u00bb4%\u00a0\u00bb width=\u00a0\u00bb1\/2&Prime; tablet_width_inherit=\u00a0\u00bbdefault\u00a0\u00bb tablet_text_alignment=\u00a0\u00bbdefault\u00a0\u00bb phone_text_alignment=\u00a0\u00bbdefault\u00a0\u00bb overlay_strength=\u00a0\u00bb0.3&Prime; column_border_width=\u00a0\u00bbnone\u00a0\u00bb column_border_style=\u00a0\u00bbsolid\u00a0\u00bb bg_image_animation=\u00a0\u00bbnone\u00a0\u00bb][nectar_gradient_text heading_tag=\u00a0\u00bbh1&Prime; color=\u00a0\u00bbextra-color-gradient-1&Prime; gradient_direction=\u00a0\u00bbhorizontal\u00a0\u00bb text=\u00a0\u00bbAm\u00e9liorer les strat\u00e9gies d&rsquo;exp\u00e9rience client\u00a0\u00bb][divider line_type=\u00a0\u00bbNo Line\u00a0\u00bb custom_height=\u00a0\u00bb10&Prime;][nectar_cta btn_style=\u00a0\u00bbarrow-animation\u00a0\u00bb heading_tag=\u00a0\u00bbh6&Prime; text_color=\u00a0\u00bbrgba(186,22,39,0.85)\u00a0\u00bb button_color=\u00a0\u00bbdefault\u00a0\u00bb link_type=\u00a0\u00bbregular\u00a0\u00bb alignment=\u00a0\u00bbleft\u00a0\u00bb display=\u00a0\u00bbblock\u00a0\u00bb link_text=\u00a0\u00bbRetour\u00a0\u00bb url=\u00a0\u00bb\/consulting\u00a0\u00bb][nectar_btn size=\u00a0\u00bblarge\u00a0\u00bb open_new_tab=\u00a0\u00bbtrue\u00a0\u00bb button_style=\u00a0\u00bbregular\u00a0\u00bb button_color_2=\u00a0\u00bbextra-color-gradient-1&Prime; icon_family=\u00a0\u00bbiconsmind\u00a0\u00bb url=\u00a0\u00bbhttp:\/\/merk-vision.com\/contact\/?lang=fr\u00a0\u00bb text=\u00a0\u00bbR\u00e9servez Merk\u00a0\u00bb css_animation=\u00a0\u00bbrotateIn\u00a0\u00bb icon_iconsmind=\u00a0\u00bbiconsmind-Yes\u00a0\u00bb][vc_row_inner column_margin=\u00a0\u00bbdefault\u00a0\u00bb text_align=\u00a0\u00bbleft\u00a0\u00bb][vc_column_inner column_padding=\u00a0\u00bbno-extra-padding\u00a0\u00bb column_padding_position=\u00a0\u00bball\u00a0\u00bb background_color_opacity=\u00a0\u00bb1&Prime; background_hover_color_opacity=\u00a0\u00bb1&Prime; column_shadow=\u00a0\u00bbnone\u00a0\u00bb column_border_radius=\u00a0\u00bbnone\u00a0\u00bb column_link_target=\u00a0\u00bb_self\u00a0\u00bb width=\u00a0\u00bb1\/1&Prime; tablet_width_inherit=\u00a0\u00bbdefault\u00a0\u00bb overlay_strength=\u00a0\u00bb0.3&Prime; column_border_width=\u00a0\u00bbnone\u00a0\u00bb column_border_style=\u00a0\u00bbsolid\u00a0\u00bb bg_image_animation=\u00a0\u00bbnone\u00a0\u00bb offset=\u00a0\u00bbvc_hidden-lg vc_hidden-md\u00a0\u00bb][image_with_animation image_url=\u00a0\u00bb820&Prime; alignment=\u00a0\u00bbcenter\u00a0\u00bb animation=\u00a0\u00bbFade In\u00a0\u00bb hover_animation=\u00a0\u00bbnone\u00a0\u00bb border_radius=\u00a0\u00bbnone\u00a0\u00bb box_shadow=\u00a0\u00bbnone\u00a0\u00bb image_loading=\u00a0\u00bbdefault\u00a0\u00bb max_width=\u00a0\u00bb100%\u00a0\u00bb max_width_mobile=\u00a0\u00bbdefault\u00a0\u00bb][\/vc_column_inner][\/vc_row_inner][\/vc_column][vc_column column_padding=\u00a0\u00bbpadding-2-percent\u00a0\u00bb column_padding_position=\u00a0\u00bbleft-right\u00a0\u00bb background_color_opacity=\u00a0\u00bb1&Prime; background_hover_color_opacity=\u00a0\u00bb1&Prime; background_image=\u00a0\u00bb820&Prime;...\" \/>\n<meta property=\"og:url\" content=\"https:\/\/merk-vision.com\/fr\/conseil\/improve-client-experience-strategies\/\" \/>\n<meta property=\"og:site_name\" content=\"Merk Vision\" \/>\n<meta property=\"article:modified_time\" content=\"2021-04-20T10:05:31+00:00\" \/>\n<meta name=\"twitter:card\" content=\"summary_large_image\" \/>\n<meta name=\"twitter:label1\" content=\"Dur\u00e9e de lecture estim\u00e9e\" \/>\n\t<meta name=\"twitter:data1\" content=\"3 minutes\" \/>\n<script type=\"application\/ld+json\" class=\"yoast-schema-graph\">{\"@context\":\"https:\/\/schema.org\",\"@graph\":[{\"@type\":\"WebPage\",\"@id\":\"https:\/\/merk-vision.com\/fr\/conseil\/improve-client-experience-strategies\/\",\"url\":\"https:\/\/merk-vision.com\/fr\/conseil\/improve-client-experience-strategies\/\",\"name\":\"Consulting am\u00e9liorer les strat\u00e9gies d'exp\u00e9rience client - Merk Vision\",\"isPartOf\":{\"@id\":\"https:\/\/merk-vision.com\/#website\"},\"datePublished\":\"2020-09-22T23:18:02+00:00\",\"dateModified\":\"2021-04-20T10:05:31+00:00\",\"breadcrumb\":{\"@id\":\"https:\/\/merk-vision.com\/fr\/conseil\/improve-client-experience-strategies\/#breadcrumb\"},\"inLanguage\":\"fr-FR\",\"potentialAction\":[{\"@type\":\"ReadAction\",\"target\":[\"https:\/\/merk-vision.com\/fr\/conseil\/improve-client-experience-strategies\/\"]}]},{\"@type\":\"BreadcrumbList\",\"@id\":\"https:\/\/merk-vision.com\/fr\/conseil\/improve-client-experience-strategies\/#breadcrumb\",\"itemListElement\":[{\"@type\":\"ListItem\",\"position\":1,\"name\":\"Home\",\"item\":\"https:\/\/merk-vision.com\/fr\/\"},{\"@type\":\"ListItem\",\"position\":2,\"name\":\"Conseil\",\"item\":\"https:\/\/merk-vision.com\/fr\/conseil\/\"},{\"@type\":\"ListItem\",\"position\":3,\"name\":\"Improve client experience strategies\"}]},{\"@type\":\"WebSite\",\"@id\":\"https:\/\/merk-vision.com\/#website\",\"url\":\"https:\/\/merk-vision.com\/\",\"name\":\"Merk Vision\",\"description\":\"Merk Vision consultancy\",\"potentialAction\":[{\"@type\":\"SearchAction\",\"target\":{\"@type\":\"EntryPoint\",\"urlTemplate\":\"https:\/\/merk-vision.com\/?s={search_term_string}\"},\"query-input\":\"required name=search_term_string\"}],\"inLanguage\":\"fr-FR\"}]}<\/script>\n<!-- \/ Yoast SEO plugin. -->","yoast_head_json":{"title":"Consulting am\u00e9liorer les strat\u00e9gies d'exp\u00e9rience client - Merk Vision","robots":{"index":"index","follow":"follow","max-snippet":"max-snippet:-1","max-image-preview":"max-image-preview:large","max-video-preview":"max-video-preview:-1"},"canonical":"https:\/\/merk-vision.com\/fr\/conseil\/improve-client-experience-strategies\/","og_locale":"fr_FR","og_type":"article","og_title":"Consulting am\u00e9liorer les strat\u00e9gies d'exp\u00e9rience client - Merk Vision","og_description":"[vc_row type=\u00a0\u00bbfull_width_content\u00a0\u00bb full_screen_row_position=\u00a0\u00bbmiddle\u00a0\u00bb equal_height=\u00a0\u00bbyes\u00a0\u00bb content_placement=\u00a0\u00bbtop\u00a0\u00bb column_margin=\u00a0\u00bbdefault\u00a0\u00bb full_height=\u00a0\u00bbyes\u00a0\u00bb columns_placement=\u00a0\u00bbtop\u00a0\u00bb scene_position=\u00a0\u00bbcenter\u00a0\u00bb text_color=\u00a0\u00bbdark\u00a0\u00bb text_align=\u00a0\u00bbleft\u00a0\u00bb color_overlay=\u00a0\u00bb#ffffff\u00a0\u00bb overlay_strength=\u00a0\u00bb0.95&Prime; shape_divider_color=\u00a0\u00bb#ba1627&Prime; shape_divider_position=\u00a0\u00bbbottom\u00a0\u00bb shape_divider_height=\u00a0\u00bb170&Prime; shape_divider_bring_to_front=\u00a0\u00bbtrue\u00a0\u00bb bg_image_animation=\u00a0\u00bbzoom-out-reveal\u00a0\u00bb parallax_bg=\u00a0\u00bbtrue\u00a0\u00bb parallax_bg_speed=\u00a0\u00bbfixed\u00a0\u00bb shape_type=\u00a0\u00bbtilt_alt\u00a0\u00bb][vc_column column_padding=\u00a0\u00bbpadding-6-percent\u00a0\u00bb column_padding_position=\u00a0\u00bbleft-right\u00a0\u00bb background_color_opacity=\u00a0\u00bb1&Prime; background_hover_color_opacity=\u00a0\u00bb1&Prime; column_link_target=\u00a0\u00bb_self\u00a0\u00bb column_shadow=\u00a0\u00bbnone\u00a0\u00bb column_border_radius=\u00a0\u00bbnone\u00a0\u00bb top_margin=\u00a0\u00bb4%\u00a0\u00bb bottom_margin=\u00a0\u00bb4%\u00a0\u00bb width=\u00a0\u00bb1\/2&Prime; tablet_width_inherit=\u00a0\u00bbdefault\u00a0\u00bb tablet_text_alignment=\u00a0\u00bbdefault\u00a0\u00bb phone_text_alignment=\u00a0\u00bbdefault\u00a0\u00bb overlay_strength=\u00a0\u00bb0.3&Prime; column_border_width=\u00a0\u00bbnone\u00a0\u00bb column_border_style=\u00a0\u00bbsolid\u00a0\u00bb bg_image_animation=\u00a0\u00bbnone\u00a0\u00bb][nectar_gradient_text heading_tag=\u00a0\u00bbh1&Prime; color=\u00a0\u00bbextra-color-gradient-1&Prime; gradient_direction=\u00a0\u00bbhorizontal\u00a0\u00bb text=\u00a0\u00bbAm\u00e9liorer les strat\u00e9gies d&rsquo;exp\u00e9rience client\u00a0\u00bb][divider line_type=\u00a0\u00bbNo Line\u00a0\u00bb custom_height=\u00a0\u00bb10&Prime;][nectar_cta btn_style=\u00a0\u00bbarrow-animation\u00a0\u00bb heading_tag=\u00a0\u00bbh6&Prime; text_color=\u00a0\u00bbrgba(186,22,39,0.85)\u00a0\u00bb button_color=\u00a0\u00bbdefault\u00a0\u00bb link_type=\u00a0\u00bbregular\u00a0\u00bb alignment=\u00a0\u00bbleft\u00a0\u00bb display=\u00a0\u00bbblock\u00a0\u00bb link_text=\u00a0\u00bbRetour\u00a0\u00bb url=\u00a0\u00bb\/consulting\u00a0\u00bb][nectar_btn size=\u00a0\u00bblarge\u00a0\u00bb open_new_tab=\u00a0\u00bbtrue\u00a0\u00bb button_style=\u00a0\u00bbregular\u00a0\u00bb button_color_2=\u00a0\u00bbextra-color-gradient-1&Prime; icon_family=\u00a0\u00bbiconsmind\u00a0\u00bb url=\u00a0\u00bbhttp:\/\/merk-vision.com\/contact\/?lang=fr\u00a0\u00bb text=\u00a0\u00bbR\u00e9servez Merk\u00a0\u00bb css_animation=\u00a0\u00bbrotateIn\u00a0\u00bb icon_iconsmind=\u00a0\u00bbiconsmind-Yes\u00a0\u00bb][vc_row_inner column_margin=\u00a0\u00bbdefault\u00a0\u00bb text_align=\u00a0\u00bbleft\u00a0\u00bb][vc_column_inner column_padding=\u00a0\u00bbno-extra-padding\u00a0\u00bb column_padding_position=\u00a0\u00bball\u00a0\u00bb background_color_opacity=\u00a0\u00bb1&Prime; background_hover_color_opacity=\u00a0\u00bb1&Prime; column_shadow=\u00a0\u00bbnone\u00a0\u00bb column_border_radius=\u00a0\u00bbnone\u00a0\u00bb column_link_target=\u00a0\u00bb_self\u00a0\u00bb width=\u00a0\u00bb1\/1&Prime; tablet_width_inherit=\u00a0\u00bbdefault\u00a0\u00bb overlay_strength=\u00a0\u00bb0.3&Prime; column_border_width=\u00a0\u00bbnone\u00a0\u00bb column_border_style=\u00a0\u00bbsolid\u00a0\u00bb bg_image_animation=\u00a0\u00bbnone\u00a0\u00bb offset=\u00a0\u00bbvc_hidden-lg vc_hidden-md\u00a0\u00bb][image_with_animation image_url=\u00a0\u00bb820&Prime; alignment=\u00a0\u00bbcenter\u00a0\u00bb animation=\u00a0\u00bbFade In\u00a0\u00bb hover_animation=\u00a0\u00bbnone\u00a0\u00bb border_radius=\u00a0\u00bbnone\u00a0\u00bb box_shadow=\u00a0\u00bbnone\u00a0\u00bb image_loading=\u00a0\u00bbdefault\u00a0\u00bb max_width=\u00a0\u00bb100%\u00a0\u00bb max_width_mobile=\u00a0\u00bbdefault\u00a0\u00bb][\/vc_column_inner][\/vc_row_inner][\/vc_column][vc_column column_padding=\u00a0\u00bbpadding-2-percent\u00a0\u00bb column_padding_position=\u00a0\u00bbleft-right\u00a0\u00bb background_color_opacity=\u00a0\u00bb1&Prime; background_hover_color_opacity=\u00a0\u00bb1&Prime; background_image=\u00a0\u00bb820&Prime;...","og_url":"https:\/\/merk-vision.com\/fr\/conseil\/improve-client-experience-strategies\/","og_site_name":"Merk Vision","article_modified_time":"2021-04-20T10:05:31+00:00","twitter_card":"summary_large_image","twitter_misc":{"Dur\u00e9e de lecture estim\u00e9e":"3 minutes"},"schema":{"@context":"https:\/\/schema.org","@graph":[{"@type":"WebPage","@id":"https:\/\/merk-vision.com\/fr\/conseil\/improve-client-experience-strategies\/","url":"https:\/\/merk-vision.com\/fr\/conseil\/improve-client-experience-strategies\/","name":"Consulting am\u00e9liorer les strat\u00e9gies d'exp\u00e9rience client - Merk Vision","isPartOf":{"@id":"https:\/\/merk-vision.com\/#website"},"datePublished":"2020-09-22T23:18:02+00:00","dateModified":"2021-04-20T10:05:31+00:00","breadcrumb":{"@id":"https:\/\/merk-vision.com\/fr\/conseil\/improve-client-experience-strategies\/#breadcrumb"},"inLanguage":"fr-FR","potentialAction":[{"@type":"ReadAction","target":["https:\/\/merk-vision.com\/fr\/conseil\/improve-client-experience-strategies\/"]}]},{"@type":"BreadcrumbList","@id":"https:\/\/merk-vision.com\/fr\/conseil\/improve-client-experience-strategies\/#breadcrumb","itemListElement":[{"@type":"ListItem","position":1,"name":"Home","item":"https:\/\/merk-vision.com\/fr\/"},{"@type":"ListItem","position":2,"name":"Conseil","item":"https:\/\/merk-vision.com\/fr\/conseil\/"},{"@type":"ListItem","position":3,"name":"Improve client experience strategies"}]},{"@type":"WebSite","@id":"https:\/\/merk-vision.com\/#website","url":"https:\/\/merk-vision.com\/","name":"Merk Vision","description":"Merk Vision consultancy","potentialAction":[{"@type":"SearchAction","target":{"@type":"EntryPoint","urlTemplate":"https:\/\/merk-vision.com\/?s={search_term_string}"},"query-input":"required name=search_term_string"}],"inLanguage":"fr-FR"}]}},"_links":{"self":[{"href":"https:\/\/merk-vision.com\/fr\/wp-json\/wp\/v2\/pages\/2069"}],"collection":[{"href":"https:\/\/merk-vision.com\/fr\/wp-json\/wp\/v2\/pages"}],"about":[{"href":"https:\/\/merk-vision.com\/fr\/wp-json\/wp\/v2\/types\/page"}],"author":[{"embeddable":true,"href":"https:\/\/merk-vision.com\/fr\/wp-json\/wp\/v2\/users\/6"}],"replies":[{"embeddable":true,"href":"https:\/\/merk-vision.com\/fr\/wp-json\/wp\/v2\/comments?post=2069"}],"version-history":[{"count":2,"href":"https:\/\/merk-vision.com\/fr\/wp-json\/wp\/v2\/pages\/2069\/revisions"}],"predecessor-version":[{"id":2561,"href":"https:\/\/merk-vision.com\/fr\/wp-json\/wp\/v2\/pages\/2069\/revisions\/2561"}],"up":[{"embeddable":true,"href":"https:\/\/merk-vision.com\/fr\/wp-json\/wp\/v2\/pages\/2030"}],"wp:attachment":[{"href":"https:\/\/merk-vision.com\/fr\/wp-json\/wp\/v2\/media?parent=2069"}],"curies":[{"name":"wp","href":"https:\/\/api.w.org\/{rel}","templated":true}]}}