{"id":2129,"date":"2020-09-23T14:04:00","date_gmt":"2020-09-23T14:04:00","guid":{"rendered":"http:\/\/merk-vision.com\/?page_id=2129"},"modified":"2020-09-23T14:04:00","modified_gmt":"2020-09-23T14:04:00","slug":"cookie-policy","status":"publish","type":"page","link":"https:\/\/merk-vision.com\/fr\/cookie-policy\/","title":{"rendered":"Cookie Policy"},"content":{"rendered":"<div class=\"cli_pg_page_contaner\">\n<h3>\u00c0 propos de cette politique de cookies<\/h3>\n<div>\n<p>Cette politique de cookies explique ce que sont les cookies et comment nous les utilisons. Vous devez lire cette politique pour comprendre ce que sont les cookies, comment nous les utilisons, les types de cookies que nous utilisons, c&rsquo;est-\u00e0-dire les informations que nous recueillons \u00e0 l&rsquo;aide de cookies et comment ces informations sont utilis\u00e9es et comment contr\u00f4ler les pr\u00e9f\u00e9rences des cookies. Pour plus d&rsquo;informations sur la fa\u00e7on dont nous utilisons, stockons et gardons vos donn\u00e9es personnelles en s\u00e9curit\u00e9, consultez notre politique de confidentialit\u00e9.<\/p>\n<p>Vous pouvez \u00e0 tout moment modifier ou retirer votre consentement \u00e0 la d\u00e9claration relative aux cookies sur notre site Web.<\/p>\n<p>Apprenez-en plus sur qui nous sommes, comment vous pouvez nous contacter et comment nous traitons les donn\u00e9es personnelles dans notre politique de confidentialit\u00e9.<\/p>\n<p>Votre consentement s&rsquo;applique aux domaines suivants: <a href=\"http:\/\/merk-vision.com\">merk-vision.com<\/a><\/p>\n<div class=\"cli_user_consent_state\">Votre \u00e9tat actuel\u00a0: Aucun consentement donn\u00e9. <a class=\"cli_manage_current_consent\" style=\"cursor:pointer;text-decoration:underline;\">G\u00e9rez votre consentement.<\/a> <\/div>\n<\/div>\n<h3>Que sont les cookies?<\/h3>\n<div>\n<p>Les cookies sont de petits fichiers texte utilis\u00e9s pour stocker de petites informations. Les cookies sont stock\u00e9s sur votre appareil lorsque le site Web est charg\u00e9 sur votre navigateur. Ces cookies nous aident \u00e0 faire fonctionner correctement le site Web, \u00e0 rendre le site Web plus s\u00e9curis\u00e9, \u00e0 offrir une meilleure exp\u00e9rience utilisateur, \u00e0 comprendre comment le site Web fonctionne et \u00e0 analyser ce qui fonctionne et o\u00f9 il doit \u00eatre am\u00e9lior\u00e9.<\/p>\n<\/div>\n<h3>Comment utilisons-nous les cookies?<\/h3>\n<div>\n<p>Comme la plupart des services en ligne, notre site Web utilise des cookies, des cookies propri\u00e9taires et tiers \u00e0 plusieurs fins. Les cookies propri\u00e9taires sont principalement n\u00e9cessaires au bon fonctionnement du site Web et ils ne collectent aucune de vos donn\u00e9es personnellement identifiables.<\/p>\n<p>Les cookies tiers utilis\u00e9s sur nos sites Web sont principalement utilis\u00e9s pour comprendre comment le site Web fonctionne, comment vous interagissez avec notre site Web, pour assurer la s\u00e9curit\u00e9 de nos services, vous fournir des publicit\u00e9s pertinentes pour vous et, dans l&rsquo;ensemble, vous fournir un meilleur et am\u00e9lior\u00e9 l&rsquo;exp\u00e9rience utilisateur et vous aider \u00e0 acc\u00e9l\u00e9rer vos futures interactions avec notre site Web.<\/p>\n<\/div>\n<h3>Quels types de cookies utilisons-nous?<\/h3>\n<div>\n<p><strong>Essentiel:<\/strong> Certains cookies sont essentiels pour que vous puissiez profiter de toutes les fonctionnalit\u00e9s de notre site. Ils nous permettent de maintenir les sessions utilisateurs et de pr\u00e9venir toute menace de s\u00e9curit\u00e9. Ils ne collectent ni ne stockent aucune information personnelle. Par exemple, ces cookies vous permettent de vous connecter \u00e0 votre compte et d&rsquo;ajouter des produits \u00e0 votre panier et de commander en toute s\u00e9curit\u00e9.<\/p>\n<p><strong>Statistiques:<\/strong> Ces cookies stockent des informations telles que le nombre de visiteurs du site Web, le nombre de visiteurs uniques, les pages du site Web qui ont \u00e9t\u00e9 visit\u00e9es, la source de la visite, etc. Ces donn\u00e9es nous aident \u00e0 comprendre et \u00e0 analyser les performances du site Web et l\u00e0 o\u00f9 il doit \u00eatre am\u00e9lior\u00e9.<\/p>\n<p><strong>Marketing:<\/strong> Notre site Web affiche des publicit\u00e9s. Ces cookies sont utilis\u00e9s pour personnaliser les publicit\u00e9s que nous vous montrons afin qu&rsquo;elles soient significatives pour vous. Ces cookies nous aident \u00e9galement \u00e0 suivre l&rsquo;efficacit\u00e9 de ces campagnes publicitaires.<\/p>\n<p>Les informations stock\u00e9es dans ces cookies peuvent \u00e9galement \u00eatre utilis\u00e9es par les fournisseurs de publicit\u00e9 tiers pour vous montrer des publicit\u00e9s sur d&rsquo;autres sites Web sur le navigateur.<\/p>\n<p><strong>Fonctionnel:<\/strong> Ce sont les cookies qui aident certaines fonctionnalit\u00e9s non essentielles de notre site Web. Ces fonctionnalit\u00e9s incluent l&rsquo;int\u00e9gration de contenus tels que des vid\u00e9os ou le partage de contenus sur le site Web sur des plateformes de m\u00e9dias sociaux.<\/p>\n<p><strong>Pr\u00e9f\u00e9rences:<\/strong> Ces cookies nous aident \u00e0 stocker vos param\u00e8tres et vos pr\u00e9f\u00e9rences de navigation, telles que les pr\u00e9f\u00e9rences linguistiques, afin que vous ayez une exp\u00e9rience meilleure et efficace lors de vos futures visites sur le site Web.<\/p>\n\n<\/div>\n<h3>Comment puis-je contr\u00f4ler les pr\u00e9f\u00e9rences des cookies?<\/h3>\n<div>\n<p>Comment puis-je contr\u00f4ler les pr\u00e9f\u00e9rences des cookies?<\/p>\n<p>Si vous d\u00e9cidez de modifier vos pr\u00e9f\u00e9rences ult\u00e9rieurement au cours de votre session de navigation, vous pouvez cliquer sur l&rsquo;onglet \u00ab\u00a0Politique de confidentialit\u00e9 et de cookies\u00a0\u00bb sur votre \u00e9cran. Cela affichera \u00e0 nouveau l&rsquo;avis de consentement, vous permettant de modifier vos pr\u00e9f\u00e9rences ou de retirer votre consentement enti\u00e8rement.<\/p>\n<p>En plus de cela, diff\u00e9rents navigateurs proposent diff\u00e9rentes m\u00e9thodes pour bloquer et supprimer les cookies utilis\u00e9s par les sites Web. Vous pouvez modifier les param\u00e8tres de votre navigateur pour bloquer \/ supprimer les cookies. Pour en savoir plus sur la gestion et la suppression des cookies, visitez <a href=\"https:\/\/en.wikipedia.org\/wiki\/HTTP_cookie\" target=\"_blank\" rel=\"nofollow noopener noreferrer\">wikipedia.org<\/a>, <a href=\"http:\/\/www.allaboutcookies.org\/\" target=\"_blank\" rel=\"nofollow noopener noreferrer\">www.allaboutcookies.org.<\/a><\/p>\n<\/div>\n<\/div>\n","protected":false},"excerpt":{"rendered":"<p>\u00c0 propos de cette politique de cookies Cette politique de cookies explique ce que sont les cookies et comment nous les utilisons. Vous devez lire cette politique pour comprendre ce que sont les cookies, comment nous les utilisons, les types de cookies que nous utilisons, c&rsquo;est-\u00e0-dire les informations que nous recueillons \u00e0 l&rsquo;aide de cookies et comment ces informations sont utilis\u00e9es et comment contr\u00f4ler les pr\u00e9f\u00e9rences des cookies. Pour plus d&rsquo;informations sur la fa\u00e7on dont nous utilisons, stockons et gardons vos donn\u00e9es personnelles en s\u00e9curit\u00e9, consultez notre politique de confidentialit\u00e9. Vous pouvez \u00e0 tout moment modifier ou retirer votre consentement&#8230;<\/p>\n","protected":false},"author":6,"featured_media":0,"parent":0,"menu_order":0,"comment_status":"closed","ping_status":"closed","template":"","meta":{"inline_featured_image":false,"footnotes":""},"yoast_head":"<!-- This site is optimized with the Yoast SEO plugin v22.7 - https:\/\/yoast.com\/wordpress\/plugins\/seo\/ -->\n<title>Cookie Policy - Merk Vision<\/title>\n<meta name=\"robots\" content=\"index, follow, max-snippet:-1, max-image-preview:large, max-video-preview:-1\" \/>\n<link rel=\"canonical\" href=\"https:\/\/merk-vision.com\/fr\/cookie-policy\/\" \/>\n<meta property=\"og:locale\" content=\"fr_FR\" \/>\n<meta property=\"og:type\" content=\"article\" \/>\n<meta property=\"og:title\" content=\"Cookie Policy - Merk Vision\" \/>\n<meta property=\"og:description\" content=\"\u00c0 propos de cette politique de cookies Cette politique de cookies explique ce que sont les cookies et comment nous les utilisons. Vous devez lire cette politique pour comprendre ce que sont les cookies, comment nous les utilisons, les types de cookies que nous utilisons, c&rsquo;est-\u00e0-dire les informations que nous recueillons \u00e0 l&rsquo;aide de cookies et comment ces informations sont utilis\u00e9es et comment contr\u00f4ler les pr\u00e9f\u00e9rences des cookies. Pour plus d&rsquo;informations sur la fa\u00e7on dont nous utilisons, stockons et gardons vos donn\u00e9es personnelles en s\u00e9curit\u00e9, consultez notre politique de confidentialit\u00e9. Vous pouvez \u00e0 tout moment modifier ou retirer votre consentement...\" \/>\n<meta property=\"og:url\" content=\"https:\/\/merk-vision.com\/fr\/cookie-policy\/\" \/>\n<meta property=\"og:site_name\" content=\"Merk Vision\" \/>\n<meta name=\"twitter:card\" content=\"summary_large_image\" \/>\n<meta name=\"twitter:label1\" content=\"Dur\u00e9e de lecture estim\u00e9e\" \/>\n\t<meta name=\"twitter:data1\" content=\"4 minutes\" \/>\n<script type=\"application\/ld+json\" class=\"yoast-schema-graph\">{\"@context\":\"https:\/\/schema.org\",\"@graph\":[{\"@type\":\"WebPage\",\"@id\":\"https:\/\/merk-vision.com\/fr\/cookie-policy\/\",\"url\":\"https:\/\/merk-vision.com\/fr\/cookie-policy\/\",\"name\":\"Cookie Policy - Merk Vision\",\"isPartOf\":{\"@id\":\"https:\/\/merk-vision.com\/#website\"},\"datePublished\":\"2020-09-23T14:04:00+00:00\",\"dateModified\":\"2020-09-23T14:04:00+00:00\",\"breadcrumb\":{\"@id\":\"https:\/\/merk-vision.com\/fr\/cookie-policy\/#breadcrumb\"},\"inLanguage\":\"fr-FR\",\"potentialAction\":[{\"@type\":\"ReadAction\",\"target\":[\"https:\/\/merk-vision.com\/fr\/cookie-policy\/\"]}]},{\"@type\":\"BreadcrumbList\",\"@id\":\"https:\/\/merk-vision.com\/fr\/cookie-policy\/#breadcrumb\",\"itemListElement\":[{\"@type\":\"ListItem\",\"position\":1,\"name\":\"Home\",\"item\":\"https:\/\/merk-vision.com\/fr\/\"},{\"@type\":\"ListItem\",\"position\":2,\"name\":\"Cookie Policy\"}]},{\"@type\":\"WebSite\",\"@id\":\"https:\/\/merk-vision.com\/#website\",\"url\":\"https:\/\/merk-vision.com\/\",\"name\":\"Merk Vision\",\"description\":\"Merk Vision consultancy\",\"potentialAction\":[{\"@type\":\"SearchAction\",\"target\":{\"@type\":\"EntryPoint\",\"urlTemplate\":\"https:\/\/merk-vision.com\/?s={search_term_string}\"},\"query-input\":\"required name=search_term_string\"}],\"inLanguage\":\"fr-FR\"}]}<\/script>\n<!-- \/ Yoast SEO plugin. -->","yoast_head_json":{"title":"Cookie Policy - Merk Vision","robots":{"index":"index","follow":"follow","max-snippet":"max-snippet:-1","max-image-preview":"max-image-preview:large","max-video-preview":"max-video-preview:-1"},"canonical":"https:\/\/merk-vision.com\/fr\/cookie-policy\/","og_locale":"fr_FR","og_type":"article","og_title":"Cookie Policy - Merk Vision","og_description":"\u00c0 propos de cette politique de cookies Cette politique de cookies explique ce que sont les cookies et comment nous les utilisons. Vous devez lire cette politique pour comprendre ce que sont les cookies, comment nous les utilisons, les types de cookies que nous utilisons, c&rsquo;est-\u00e0-dire les informations que nous recueillons \u00e0 l&rsquo;aide de cookies et comment ces informations sont utilis\u00e9es et comment contr\u00f4ler les pr\u00e9f\u00e9rences des cookies. Pour plus d&rsquo;informations sur la fa\u00e7on dont nous utilisons, stockons et gardons vos donn\u00e9es personnelles en s\u00e9curit\u00e9, consultez notre politique de confidentialit\u00e9. Vous pouvez \u00e0 tout moment modifier ou retirer votre consentement...","og_url":"https:\/\/merk-vision.com\/fr\/cookie-policy\/","og_site_name":"Merk Vision","twitter_card":"summary_large_image","twitter_misc":{"Dur\u00e9e de lecture estim\u00e9e":"4 minutes"},"schema":{"@context":"https:\/\/schema.org","@graph":[{"@type":"WebPage","@id":"https:\/\/merk-vision.com\/fr\/cookie-policy\/","url":"https:\/\/merk-vision.com\/fr\/cookie-policy\/","name":"Cookie Policy - Merk Vision","isPartOf":{"@id":"https:\/\/merk-vision.com\/#website"},"datePublished":"2020-09-23T14:04:00+00:00","dateModified":"2020-09-23T14:04:00+00:00","breadcrumb":{"@id":"https:\/\/merk-vision.com\/fr\/cookie-policy\/#breadcrumb"},"inLanguage":"fr-FR","potentialAction":[{"@type":"ReadAction","target":["https:\/\/merk-vision.com\/fr\/cookie-policy\/"]}]},{"@type":"BreadcrumbList","@id":"https:\/\/merk-vision.com\/fr\/cookie-policy\/#breadcrumb","itemListElement":[{"@type":"ListItem","position":1,"name":"Home","item":"https:\/\/merk-vision.com\/fr\/"},{"@type":"ListItem","position":2,"name":"Cookie Policy"}]},{"@type":"WebSite","@id":"https:\/\/merk-vision.com\/#website","url":"https:\/\/merk-vision.com\/","name":"Merk Vision","description":"Merk Vision consultancy","potentialAction":[{"@type":"SearchAction","target":{"@type":"EntryPoint","urlTemplate":"https:\/\/merk-vision.com\/?s={search_term_string}"},"query-input":"required name=search_term_string"}],"inLanguage":"fr-FR"}]}},"_links":{"self":[{"href":"https:\/\/merk-vision.com\/fr\/wp-json\/wp\/v2\/pages\/2129"}],"collection":[{"href":"https:\/\/merk-vision.com\/fr\/wp-json\/wp\/v2\/pages"}],"about":[{"href":"https:\/\/merk-vision.com\/fr\/wp-json\/wp\/v2\/types\/page"}],"author":[{"embeddable":true,"href":"https:\/\/merk-vision.com\/fr\/wp-json\/wp\/v2\/users\/6"}],"replies":[{"embeddable":true,"href":"https:\/\/merk-vision.com\/fr\/wp-json\/wp\/v2\/comments?post=2129"}],"version-history":[{"count":1,"href":"https:\/\/merk-vision.com\/fr\/wp-json\/wp\/v2\/pages\/2129\/revisions"}],"predecessor-version":[{"id":2130,"href":"https:\/\/merk-vision.com\/fr\/wp-json\/wp\/v2\/pages\/2129\/revisions\/2130"}],"wp:attachment":[{"href":"https:\/\/merk-vision.com\/fr\/wp-json\/wp\/v2\/media?parent=2129"}],"curies":[{"name":"wp","href":"https:\/\/api.w.org\/{rel}","templated":true}]}}