{"id":2982,"date":"2021-04-04T22:15:37","date_gmt":"2021-04-04T22:15:37","guid":{"rendered":"https:\/\/merk-vision.com\/privacy-policy-copy\/"},"modified":"2021-04-04T22:17:29","modified_gmt":"2021-04-04T22:17:29","slug":"cgv","status":"publish","type":"page","link":"https:\/\/merk-vision.com\/fr\/cgv\/","title":{"rendered":"CGV"},"content":{"rendered":"<h1><strong>Conditions G\u00e9n\u00e9rale de Vente<\/strong><\/h1>\n<p><strong>Pr\u00e9ambule<\/strong><\/p>\n<p>Les pr\u00e9sentes conditions g\u00e9n\u00e9rales de vente s&rsquo;appliquent aux prestations de service et aux services annexes dispens\u00e9s par <em>la soci\u00e9t\u00e9 Merk Vision<\/em><em>.<\/em> A d\u00e9faut de contrat \u00e9crit sign\u00e9 des deux parties, ces conditions constituent le seul accord entre elles relatif \u00e0 l&rsquo;objet de la commande et pr\u00e9valent sur tout autre document. Dans le cas o\u00f9 l\u2019une des dispositions des pr\u00e9sentes serait r\u00e9put\u00e9e ou d\u00e9clar\u00e9e nulle ou non-\u00e9crite, les autres dispositions resteront int\u00e9gralement en vigueur.<\/p>\n<p><strong>Annulation et report<\/strong><\/p>\n<p>Annulation ou report du fait de <em>Merk Vision <\/em>se r\u00e9serve la possibilit\u00e9 de reporter ou d&rsquo;annuler une prestation. <em>Merk Vision<\/em> en informe alors le client dans les plus brefs d\u00e9lais. Aucune indemnit\u00e9 ne sera vers\u00e9e au client \u00e0 raison d&rsquo;un report ou d&rsquo;une annulation du fait de <strong>Merk Vision<\/strong><em>.<\/em><\/p>\n<p><strong>Annulation ou report du fait du \u00abClient\u00bb <\/strong><\/p>\n<p>En cas d\u2019annulation de commande, tous les paiements partiels et acomptes sont acquis. Tout report ou annulation seront factur\u00e9s en fonction des d\u00e9lais ci-apr\u00e8s : -25 % des sommes dues si l\u2019annulation ou le report survient moins de 10 jours et plus de 5 jours avant le d\u00e9but de la prestation. -100 % des sommes dues si l\u2019annulation ou le report intervient moins de 5 jours avant le d\u00e9but de la prestation. Si un intervenant a \u00e9t\u00e9 amen\u00e9 \u00e0 se d\u00e9placer, les frais de d\u00e9placement (et d\u2019h\u00e9bergement si besoin) sont en sus.<\/p>\n<p><strong>Tarifs <\/strong><\/p>\n<p>Les prix de vente des actions de formation varient en fonction de leur nature. Les formations pr\u00e9d\u00e9finies disposent de prix fixes quel que soit le nombre de participants.\u00a0 Les prix des actions sur-mesure sont d\u00e9finis en fonction des modules choisis et du nombre de jours d\u2019animation. Ils sont \u00e9labor\u00e9s et n\u00e9goci\u00e9s au moment de l\u2019ing\u00e9nierie p\u00e9dagogique.Les frais li\u00e9s aux outils et mat\u00e9riels p\u00e9dagogiques sont int\u00e9gr\u00e9s aux prix de journ\u00e9e indiqu\u00e9s.Les \u00e9ventuels frais, de d\u00e9placement et d\u2019h\u00e9bergement de nos consultants et formateurs sont factur\u00e9s en sus.<\/p>\n<p><strong>Conditions de paiement <\/strong><\/p>\n<p>Le paiement doit \u00eatre effectu\u00e9 par le client au plus tard dans un d\u00e9lai de quarante-cinq jours \u00e0 compter de la date d\u2019intervention, sauf d\u00e9lais plus courts ou plus longs sp\u00e9cialement consentis par <em>Merk Vision<\/em>. Tout retard dans les paiements peut justifier une interruption des\u00a0 prestations. En cas de retard de paiement, une p\u00e9nalit\u00e9 \u00e9gale \u00e0 3 fois le taux d&rsquo;int\u00e9r\u00eat l\u00e9gal sera exigible (Art. L 441-6, alin\u00e9a 12 du codedu commerce).Pour tout professionnel, en sus des indemnit\u00e9s de retard, toute somme non pay\u00e9e \u00e0 sa date d&rsquo;exigibilit\u00e9 produira de plein droit,le paiement d&rsquo;une indemnit\u00e9 forfaitaire de 40 \u20ac due au titre des frais de recouvrement (Art. 441-6, alin\u00e9a 12 du code du commerce et D. 441-5 ibidem).A l\u2019inverse, tout paiement anticip\u00e9 ne subira pas d\u2019escompte conform\u00e9ment \u00e0 la loi n\u00b092.1442 du 31\/12\/92.<\/p>\n<p><strong>Clause de d\u00e9ch\u00e9ance du terme <\/strong><\/p>\n<p>Tout d\u00e9lai consenti par <em>Merk Vision <\/em>comporte la clause de d\u00e9ch\u00e9ance du terme. Une seule \u00e9ch\u00e9ance impay\u00e9e rend le solde de la cr\u00e9ance imm\u00e9diatement exigible.<\/p>\n<p><strong>Confidentialit\u00e9 et droit de propri\u00e9t\u00e9 <\/strong><\/p>\n<p>Les documents mis \u00e0 la disposition du \u00abClient\u00bb sont prot\u00e9g\u00e9s par le droit d&rsquo;auteur. Tout le mat\u00e9riel p\u00e9dagogique utilis\u00e9 demeure la seule propri\u00e9t\u00e9 de <em>Merk Vision<\/em> ou celle de ses partenaires. En cons\u00e9quence, la reproduction, diffusion ou communication au public sans l&rsquo;autorisation expresse pr\u00e9alable de <em>Merk Vision<\/em> est constitutive de contrefa\u00e7on et passible des sanctions qui s&rsquo;y rattachent. Loi et attribution de comp\u00e9tences Les pr\u00e9sentes conditions de vente sont soumises \u00e0 la loi fran\u00e7aise. En cas de litige, comp\u00e9tence expresse sera attribu\u00e9e au tribunal de Nanterre, nonobstant pluralit\u00e9 de d\u00e9fendeurs ou appel en garantie. De plus, une p\u00e9nalit\u00e9 de 15 % du montant TTC de la facture sera exigible.<\/p>\n<p>Fait \u00e0 S\u00e8vres, le 5.4.202123<\/p>\n","protected":false},"excerpt":{"rendered":"<p>Conditions G\u00e9n\u00e9rale de Vente Pr\u00e9ambule Les pr\u00e9sentes conditions g\u00e9n\u00e9rales de vente s&rsquo;appliquent aux prestations de service et aux services annexes dispens\u00e9s par la soci\u00e9t\u00e9 Merk Vision. A d\u00e9faut de contrat \u00e9crit sign\u00e9 des deux parties, ces conditions constituent le seul accord entre elles relatif \u00e0 l&rsquo;objet de la commande et pr\u00e9valent sur tout autre document. Dans le cas o\u00f9 l\u2019une des dispositions des pr\u00e9sentes serait r\u00e9put\u00e9e ou d\u00e9clar\u00e9e nulle ou non-\u00e9crite, les autres dispositions resteront int\u00e9gralement en vigueur. Annulation et report Annulation ou report du fait de Merk Vision se r\u00e9serve la possibilit\u00e9 de reporter ou d&rsquo;annuler une prestation. Merk&#8230;<\/p>\n","protected":false},"author":6,"featured_media":0,"parent":0,"menu_order":0,"comment_status":"closed","ping_status":"closed","template":"","meta":{"inline_featured_image":false,"footnotes":""},"yoast_head":"<!-- This site is optimized with the Yoast SEO plugin v22.7 - https:\/\/yoast.com\/wordpress\/plugins\/seo\/ -->\n<title>CGV - Merk Vision<\/title>\n<meta name=\"robots\" content=\"index, follow, max-snippet:-1, max-image-preview:large, max-video-preview:-1\" \/>\n<link rel=\"canonical\" href=\"https:\/\/merk-vision.com\/fr\/cgv\/\" \/>\n<meta property=\"og:locale\" content=\"fr_FR\" \/>\n<meta property=\"og:type\" content=\"article\" \/>\n<meta property=\"og:title\" content=\"CGV - Merk Vision\" \/>\n<meta property=\"og:description\" content=\"Conditions G\u00e9n\u00e9rale de Vente Pr\u00e9ambule Les pr\u00e9sentes conditions g\u00e9n\u00e9rales de vente s&rsquo;appliquent aux prestations de service et aux services annexes dispens\u00e9s par la soci\u00e9t\u00e9 Merk Vision. A d\u00e9faut de contrat \u00e9crit sign\u00e9 des deux parties, ces conditions constituent le seul accord entre elles relatif \u00e0 l&rsquo;objet de la commande et pr\u00e9valent sur tout autre document. Dans le cas o\u00f9 l\u2019une des dispositions des pr\u00e9sentes serait r\u00e9put\u00e9e ou d\u00e9clar\u00e9e nulle ou non-\u00e9crite, les autres dispositions resteront int\u00e9gralement en vigueur. Annulation et report Annulation ou report du fait de Merk Vision se r\u00e9serve la possibilit\u00e9 de reporter ou d&rsquo;annuler une prestation. Merk...\" \/>\n<meta property=\"og:url\" content=\"https:\/\/merk-vision.com\/fr\/cgv\/\" \/>\n<meta property=\"og:site_name\" content=\"Merk Vision\" \/>\n<meta property=\"article:modified_time\" content=\"2021-04-04T22:17:29+00:00\" \/>\n<meta name=\"twitter:card\" content=\"summary_large_image\" \/>\n<meta name=\"twitter:label1\" content=\"Dur\u00e9e de lecture estim\u00e9e\" \/>\n\t<meta name=\"twitter:data1\" content=\"3 minutes\" \/>\n<script type=\"application\/ld+json\" class=\"yoast-schema-graph\">{\"@context\":\"https:\/\/schema.org\",\"@graph\":[{\"@type\":\"WebPage\",\"@id\":\"https:\/\/merk-vision.com\/fr\/cgv\/\",\"url\":\"https:\/\/merk-vision.com\/fr\/cgv\/\",\"name\":\"CGV - Merk Vision\",\"isPartOf\":{\"@id\":\"https:\/\/merk-vision.com\/#website\"},\"datePublished\":\"2021-04-04T22:15:37+00:00\",\"dateModified\":\"2021-04-04T22:17:29+00:00\",\"breadcrumb\":{\"@id\":\"https:\/\/merk-vision.com\/fr\/cgv\/#breadcrumb\"},\"inLanguage\":\"fr-FR\",\"potentialAction\":[{\"@type\":\"ReadAction\",\"target\":[\"https:\/\/merk-vision.com\/fr\/cgv\/\"]}]},{\"@type\":\"BreadcrumbList\",\"@id\":\"https:\/\/merk-vision.com\/fr\/cgv\/#breadcrumb\",\"itemListElement\":[{\"@type\":\"ListItem\",\"position\":1,\"name\":\"Home\",\"item\":\"https:\/\/merk-vision.com\/fr\/\"},{\"@type\":\"ListItem\",\"position\":2,\"name\":\"CGV\"}]},{\"@type\":\"WebSite\",\"@id\":\"https:\/\/merk-vision.com\/#website\",\"url\":\"https:\/\/merk-vision.com\/\",\"name\":\"Merk Vision\",\"description\":\"Merk Vision consultancy\",\"potentialAction\":[{\"@type\":\"SearchAction\",\"target\":{\"@type\":\"EntryPoint\",\"urlTemplate\":\"https:\/\/merk-vision.com\/?s={search_term_string}\"},\"query-input\":\"required name=search_term_string\"}],\"inLanguage\":\"fr-FR\"}]}<\/script>\n<!-- \/ Yoast SEO plugin. -->","yoast_head_json":{"title":"CGV - Merk Vision","robots":{"index":"index","follow":"follow","max-snippet":"max-snippet:-1","max-image-preview":"max-image-preview:large","max-video-preview":"max-video-preview:-1"},"canonical":"https:\/\/merk-vision.com\/fr\/cgv\/","og_locale":"fr_FR","og_type":"article","og_title":"CGV - Merk Vision","og_description":"Conditions G\u00e9n\u00e9rale de Vente Pr\u00e9ambule Les pr\u00e9sentes conditions g\u00e9n\u00e9rales de vente s&rsquo;appliquent aux prestations de service et aux services annexes dispens\u00e9s par la soci\u00e9t\u00e9 Merk Vision. A d\u00e9faut de contrat \u00e9crit sign\u00e9 des deux parties, ces conditions constituent le seul accord entre elles relatif \u00e0 l&rsquo;objet de la commande et pr\u00e9valent sur tout autre document. Dans le cas o\u00f9 l\u2019une des dispositions des pr\u00e9sentes serait r\u00e9put\u00e9e ou d\u00e9clar\u00e9e nulle ou non-\u00e9crite, les autres dispositions resteront int\u00e9gralement en vigueur. Annulation et report Annulation ou report du fait de Merk Vision se r\u00e9serve la possibilit\u00e9 de reporter ou d&rsquo;annuler une prestation. Merk...","og_url":"https:\/\/merk-vision.com\/fr\/cgv\/","og_site_name":"Merk Vision","article_modified_time":"2021-04-04T22:17:29+00:00","twitter_card":"summary_large_image","twitter_misc":{"Dur\u00e9e de lecture estim\u00e9e":"3 minutes"},"schema":{"@context":"https:\/\/schema.org","@graph":[{"@type":"WebPage","@id":"https:\/\/merk-vision.com\/fr\/cgv\/","url":"https:\/\/merk-vision.com\/fr\/cgv\/","name":"CGV - Merk Vision","isPartOf":{"@id":"https:\/\/merk-vision.com\/#website"},"datePublished":"2021-04-04T22:15:37+00:00","dateModified":"2021-04-04T22:17:29+00:00","breadcrumb":{"@id":"https:\/\/merk-vision.com\/fr\/cgv\/#breadcrumb"},"inLanguage":"fr-FR","potentialAction":[{"@type":"ReadAction","target":["https:\/\/merk-vision.com\/fr\/cgv\/"]}]},{"@type":"BreadcrumbList","@id":"https:\/\/merk-vision.com\/fr\/cgv\/#breadcrumb","itemListElement":[{"@type":"ListItem","position":1,"name":"Home","item":"https:\/\/merk-vision.com\/fr\/"},{"@type":"ListItem","position":2,"name":"CGV"}]},{"@type":"WebSite","@id":"https:\/\/merk-vision.com\/#website","url":"https:\/\/merk-vision.com\/","name":"Merk Vision","description":"Merk Vision consultancy","potentialAction":[{"@type":"SearchAction","target":{"@type":"EntryPoint","urlTemplate":"https:\/\/merk-vision.com\/?s={search_term_string}"},"query-input":"required name=search_term_string"}],"inLanguage":"fr-FR"}]}},"_links":{"self":[{"href":"https:\/\/merk-vision.com\/fr\/wp-json\/wp\/v2\/pages\/2982"}],"collection":[{"href":"https:\/\/merk-vision.com\/fr\/wp-json\/wp\/v2\/pages"}],"about":[{"href":"https:\/\/merk-vision.com\/fr\/wp-json\/wp\/v2\/types\/page"}],"author":[{"embeddable":true,"href":"https:\/\/merk-vision.com\/fr\/wp-json\/wp\/v2\/users\/6"}],"replies":[{"embeddable":true,"href":"https:\/\/merk-vision.com\/fr\/wp-json\/wp\/v2\/comments?post=2982"}],"version-history":[{"count":2,"href":"https:\/\/merk-vision.com\/fr\/wp-json\/wp\/v2\/pages\/2982\/revisions"}],"predecessor-version":[{"id":2984,"href":"https:\/\/merk-vision.com\/fr\/wp-json\/wp\/v2\/pages\/2982\/revisions\/2984"}],"wp:attachment":[{"href":"https:\/\/merk-vision.com\/fr\/wp-json\/wp\/v2\/media?parent=2982"}],"curies":[{"name":"wp","href":"https:\/\/api.w.org\/{rel}","templated":true}]}}