{"id":3581,"date":"2021-08-05T10:44:36","date_gmt":"2021-08-05T10:44:36","guid":{"rendered":"https:\/\/merk-vision.com\/?page_id=3581"},"modified":"2021-08-10T00:57:02","modified_gmt":"2021-08-10T00:57:02","slug":"innovation","status":"publish","type":"page","link":"https:\/\/merk-vision.com\/fr\/conseil\/innovation\/","title":{"rendered":"Organisation de journ\u00e9es de l&rsquo;innovation"},"content":{"rendered":"[vc_row type=\u00a0\u00bbfull_width_content\u00a0\u00bb full_screen_row_position=\u00a0\u00bbmiddle\u00a0\u00bb equal_height=\u00a0\u00bbyes\u00a0\u00bb content_placement=\u00a0\u00bbtop\u00a0\u00bb column_margin=\u00a0\u00bbdefault\u00a0\u00bb full_height=\u00a0\u00bbyes\u00a0\u00bb columns_placement=\u00a0\u00bbtop\u00a0\u00bb scene_position=\u00a0\u00bbcenter\u00a0\u00bb text_color=\u00a0\u00bbdark\u00a0\u00bb text_align=\u00a0\u00bbleft\u00a0\u00bb color_overlay=\u00a0\u00bb#ffffff\u00a0\u00bb overlay_strength=\u00a0\u00bb0.95&Prime; shape_divider_color=\u00a0\u00bb#ba1627&Prime; shape_divider_position=\u00a0\u00bbbottom\u00a0\u00bb shape_divider_height=\u00a0\u00bb170&Prime; shape_divider_bring_to_front=\u00a0\u00bbtrue\u00a0\u00bb bg_image_animation=\u00a0\u00bbzoom-out-reveal\u00a0\u00bb parallax_bg=\u00a0\u00bbtrue\u00a0\u00bb parallax_bg_speed=\u00a0\u00bbfixed\u00a0\u00bb shape_type=\u00a0\u00bbtilt_alt\u00a0\u00bb][vc_column column_padding=\u00a0\u00bbpadding-6-percent\u00a0\u00bb column_padding_position=\u00a0\u00bbleft-right\u00a0\u00bb background_color_opacity=\u00a0\u00bb1&Prime; background_hover_color_opacity=\u00a0\u00bb1&Prime; column_link_target=\u00a0\u00bb_self\u00a0\u00bb column_shadow=\u00a0\u00bbnone\u00a0\u00bb column_border_radius=\u00a0\u00bbnone\u00a0\u00bb top_margin=\u00a0\u00bb4%\u00a0\u00bb bottom_margin=\u00a0\u00bb4%\u00a0\u00bb width=\u00a0\u00bb1\/2&Prime; tablet_width_inherit=\u00a0\u00bbdefault\u00a0\u00bb tablet_text_alignment=\u00a0\u00bbdefault\u00a0\u00bb phone_text_alignment=\u00a0\u00bbdefault\u00a0\u00bb overlay_strength=\u00a0\u00bb0.3&Prime; column_border_width=\u00a0\u00bbnone\u00a0\u00bb column_border_style=\u00a0\u00bbsolid\u00a0\u00bb bg_image_animation=\u00a0\u00bbnone\u00a0\u00bb][nectar_gradient_text heading_tag=\u00a0\u00bbh1&Prime; color=\u00a0\u00bbextra-color-gradient-1&Prime; gradient_direction=\u00a0\u00bbhorizontal\u00a0\u00bb text=\u00a0\u00bbOrganisation des journ\u00e9es innovation\u00a0\u00bb][divider line_type=\u00a0\u00bbNo Line\u00a0\u00bb custom_height=\u00a0\u00bb10&Prime;]<div class=\"nectar-fancy-ul\" data-list-icon=\"fa fa-check\" data-animation=\"false\" data-animation-delay=\"0\" data-color=\"accent-color\" data-spacing=\"default\" data-alignment=\"left\"> \n<div class=\"page\" title=\"Page 24\">\n<div class=\"section\">\n<div class=\"layoutArea\">\n<div class=\"column\">\n<ul>\n<li>Poussez vos \u00e9quipes \u00e0 g\u00e9n\u00e9rer de nouvelles id\u00e9es disruptive<\/li>\n<li>Apprenez \u00e0 travailler dans des \u00e9quipes diversifi\u00e9es, m\u00ealant des origines et des niveaux d&rsquo;expertise diff\u00e9rents.<\/li>\n<li>Osez sortir des sentiers battus<\/li>\n<li>Inspirez vos \u00e9quipes d&rsquo;autres secteurs industriels<\/li>\n<li>Montrer les tendances et les nouvelles technologies<\/li>\n<li>Capter les id\u00e9es, les organiser et aider les meilleures innovations \u00e0 \u00eatre mises en \u0153uvre.<\/li>\n<li>Prenez plaisir \u00e0 \u00eatre cr\u00e9atif<\/li>\n<li>Pr\u00e9parez l&rsquo;avenir pour votre marque<\/li>\n<\/ul>\n<\/div>\n<\/div>\n<\/div>\n<\/div>\n <\/div>[nectar_cta btn_style=\u00a0\u00bbarrow-animation\u00a0\u00bb heading_tag=\u00a0\u00bbh4&Prime; text_color=\u00a0\u00bbrgba(186,14,32,0.82)\u00a0\u00bb button_color=\u00a0\u00bbdefault\u00a0\u00bb link_type=\u00a0\u00bbregular\u00a0\u00bb alignment=\u00a0\u00bbleft\u00a0\u00bb display=\u00a0\u00bbblock\u00a0\u00bb link_text=\u00a0\u00bbBack\u00a0\u00bb url=\u00a0\u00bb\/consulting\u00a0\u00bb][nectar_btn size=\u00a0\u00bblarge\u00a0\u00bb open_new_tab=\u00a0\u00bbtrue\u00a0\u00bb button_style=\u00a0\u00bbregular\u00a0\u00bb button_color_2=\u00a0\u00bbextra-color-gradient-1&Prime; icon_family=\u00a0\u00bbiconsmind\u00a0\u00bb text=\u00a0\u00bbContactez Merk Vision\u00a0\u00bb url=\u00a0\u00bbhttp:\/\/merk-vision.com\/contact\/\u00a0\u00bb css_animation=\u00a0\u00bbrotateIn\u00a0\u00bb icon_iconsmind=\u00a0\u00bbiconsmind-Yes\u00a0\u00bb][clients columns=\u00a0\u00bb2&Prime; hover_effect=\u00a0\u00bbopacity\u00a0\u00bb additional_padding=\u00a0\u00bb4&Prime; fade_in_animation=\u00a0\u00bbtrue\u00a0\u00bb][client image=\u00a0\u00bb3603&Prime; title=\u00a0\u00bbClient\u00a0\u00bb id=\u00a0\u00bb1628556370082-6&Prime; tab_id=\u00a0\u00bb1628556370082-0&Prime; name=\u00a0\u00bbchampagne Chanoine Fr\u00e8res\u00a0\u00bb][vc_column_text]Click the edit button to add your testimonial.[\/vc_column_text][\/client][client image=\u00a0\u00bb3599&Prime; title=\u00a0\u00bbClient\u00a0\u00bb id=\u00a0\u00bb1628556370137-9&Prime; tab_id=\u00a0\u00bb1628556370138-4&Prime; name=\u00a0\u00bbChampagne Chanoine Fr\u00e8res\u00a0\u00bb][vc_column_text]Click the edit button to add your testimonial.[\/vc_column_text][\/client][\/clients][divider line_type=\u00a0\u00bbNo Line\u00a0\u00bb custom_height=\u00a0\u00bb10&Prime;][\/vc_column][vc_column column_padding=\u00a0\u00bbpadding-2-percent\u00a0\u00bb column_padding_position=\u00a0\u00bbleft-right\u00a0\u00bb background_color_opacity=\u00a0\u00bb1&Prime; background_hover_color_opacity=\u00a0\u00bb1&Prime; background_image=\u00a0\u00bb3384&Prime; column_link_target=\u00a0\u00bb_self\u00a0\u00bb column_shadow=\u00a0\u00bbnone\u00a0\u00bb column_border_radius=\u00a0\u00bbnone\u00a0\u00bb width=\u00a0\u00bb1\/2&Prime; tablet_width_inherit=\u00a0\u00bbdefault\u00a0\u00bb tablet_text_alignment=\u00a0\u00bbdefault\u00a0\u00bb phone_text_alignment=\u00a0\u00bbdefault\u00a0\u00bb enable_gradient=\u00a0\u00bbtrue\u00a0\u00bb color_overlay_2=\u00a0\u00bb#ba1627&Prime; gradient_direction=\u00a0\u00bbleft_t_to_right_b\u00a0\u00bb overlay_strength=\u00a0\u00bb0.95&Prime; column_border_width=\u00a0\u00bbnone\u00a0\u00bb column_border_style=\u00a0\u00bbsolid\u00a0\u00bb bg_image_animation=\u00a0\u00bbnone\u00a0\u00bb offset=\u00a0\u00bbvc_hidden-sm vc_hidden-xs\u00a0\u00bb][\/vc_column][\/vc_row]\n","protected":false},"excerpt":{"rendered":"<p>[vc_row type=\u00a0\u00bbfull_width_content\u00a0\u00bb full_screen_row_position=\u00a0\u00bbmiddle\u00a0\u00bb equal_height=\u00a0\u00bbyes\u00a0\u00bb content_placement=\u00a0\u00bbtop\u00a0\u00bb column_margin=\u00a0\u00bbdefault\u00a0\u00bb full_height=\u00a0\u00bbyes\u00a0\u00bb columns_placement=\u00a0\u00bbtop\u00a0\u00bb scene_position=\u00a0\u00bbcenter\u00a0\u00bb text_color=\u00a0\u00bbdark\u00a0\u00bb text_align=\u00a0\u00bbleft\u00a0\u00bb color_overlay=\u00a0\u00bb#ffffff\u00a0\u00bb overlay_strength=\u00a0\u00bb0.95&Prime; shape_divider_color=\u00a0\u00bb#ba1627&Prime; shape_divider_position=\u00a0\u00bbbottom\u00a0\u00bb shape_divider_height=\u00a0\u00bb170&Prime; shape_divider_bring_to_front=\u00a0\u00bbtrue\u00a0\u00bb bg_image_animation=\u00a0\u00bbzoom-out-reveal\u00a0\u00bb parallax_bg=\u00a0\u00bbtrue\u00a0\u00bb parallax_bg_speed=\u00a0\u00bbfixed\u00a0\u00bb shape_type=\u00a0\u00bbtilt_alt\u00a0\u00bb][vc_column column_padding=\u00a0\u00bbpadding-6-percent\u00a0\u00bb column_padding_position=\u00a0\u00bbleft-right\u00a0\u00bb background_color_opacity=\u00a0\u00bb1&Prime; background_hover_color_opacity=\u00a0\u00bb1&Prime; column_link_target=\u00a0\u00bb_self\u00a0\u00bb column_shadow=\u00a0\u00bbnone\u00a0\u00bb column_border_radius=\u00a0\u00bbnone\u00a0\u00bb top_margin=\u00a0\u00bb4%\u00a0\u00bb bottom_margin=\u00a0\u00bb4%\u00a0\u00bb width=\u00a0\u00bb1\/2&Prime; tablet_width_inherit=\u00a0\u00bbdefault\u00a0\u00bb tablet_text_alignment=\u00a0\u00bbdefault\u00a0\u00bb phone_text_alignment=\u00a0\u00bbdefault\u00a0\u00bb overlay_strength=\u00a0\u00bb0.3&Prime; column_border_width=\u00a0\u00bbnone\u00a0\u00bb column_border_style=\u00a0\u00bbsolid\u00a0\u00bb bg_image_animation=\u00a0\u00bbnone\u00a0\u00bb][nectar_gradient_text heading_tag=\u00a0\u00bbh1&Prime; color=\u00a0\u00bbextra-color-gradient-1&Prime; gradient_direction=\u00a0\u00bbhorizontal\u00a0\u00bb text=\u00a0\u00bbOrganisation des journ\u00e9es innovation\u00a0\u00bb][divider line_type=\u00a0\u00bbNo Line\u00a0\u00bb custom_height=\u00a0\u00bb10&Prime;][nectar_cta btn_style=\u00a0\u00bbarrow-animation\u00a0\u00bb heading_tag=\u00a0\u00bbh4&Prime; text_color=\u00a0\u00bbrgba(186,14,32,0.82)\u00a0\u00bb button_color=\u00a0\u00bbdefault\u00a0\u00bb link_type=\u00a0\u00bbregular\u00a0\u00bb alignment=\u00a0\u00bbleft\u00a0\u00bb display=\u00a0\u00bbblock\u00a0\u00bb link_text=\u00a0\u00bbBack\u00a0\u00bb url=\u00a0\u00bb\/consulting\u00a0\u00bb][nectar_btn size=\u00a0\u00bblarge\u00a0\u00bb open_new_tab=\u00a0\u00bbtrue\u00a0\u00bb button_style=\u00a0\u00bbregular\u00a0\u00bb button_color_2=\u00a0\u00bbextra-color-gradient-1&Prime; icon_family=\u00a0\u00bbiconsmind\u00a0\u00bb text=\u00a0\u00bbContactez Merk Vision\u00a0\u00bb url=\u00a0\u00bbhttp:\/\/merk-vision.com\/contact\/\u00a0\u00bb css_animation=\u00a0\u00bbrotateIn\u00a0\u00bb icon_iconsmind=\u00a0\u00bbiconsmind-Yes\u00a0\u00bb][clients columns=\u00a0\u00bb2&Prime; hover_effect=\u00a0\u00bbopacity\u00a0\u00bb additional_padding=\u00a0\u00bb4&Prime; fade_in_animation=\u00a0\u00bbtrue\u00a0\u00bb][client image=\u00a0\u00bb3603&Prime; title=\u00a0\u00bbClient\u00a0\u00bb id=\u00a0\u00bb1628556370082-6&Prime; tab_id=\u00a0\u00bb1628556370082-0&Prime; name=\u00a0\u00bbchampagne Chanoine Fr\u00e8res\u00a0\u00bb][vc_column_text]Click the edit button to add your testimonial.[\/vc_column_text][\/client][client image=\u00a0\u00bb3599&Prime; title=\u00a0\u00bbClient\u00a0\u00bb id=\u00a0\u00bb1628556370137-9&Prime; tab_id=\u00a0\u00bb1628556370138-4&Prime; name=\u00a0\u00bbChampagne Chanoine Fr\u00e8res\u00a0\u00bb][vc_column_text]Click the edit button to add your testimonial.[\/vc_column_text][\/client][\/clients][divider&#8230;<\/p>\n","protected":false},"author":6,"featured_media":1896,"parent":2030,"menu_order":5,"comment_status":"closed","ping_status":"closed","template":"","meta":{"inline_featured_image":false,"footnotes":""},"yoast_head":"<!-- This site is optimized with the Yoast SEO plugin v22.7 - https:\/\/yoast.com\/wordpress\/plugins\/seo\/ -->\n<title>Organisation de journ\u00e9es de l&#039;innovation - Merk Vision<\/title>\n<meta name=\"robots\" content=\"index, follow, max-snippet:-1, max-image-preview:large, max-video-preview:-1\" \/>\n<link rel=\"canonical\" href=\"https:\/\/merk-vision.com\/fr\/conseil\/innovation\/\" \/>\n<meta property=\"og:locale\" content=\"fr_FR\" \/>\n<meta property=\"og:type\" content=\"article\" \/>\n<meta property=\"og:title\" content=\"Organisation de journ\u00e9es de l&#039;innovation - Merk Vision\" \/>\n<meta property=\"og:description\" content=\"[vc_row type=\u00a0\u00bbfull_width_content\u00a0\u00bb full_screen_row_position=\u00a0\u00bbmiddle\u00a0\u00bb equal_height=\u00a0\u00bbyes\u00a0\u00bb content_placement=\u00a0\u00bbtop\u00a0\u00bb column_margin=\u00a0\u00bbdefault\u00a0\u00bb full_height=\u00a0\u00bbyes\u00a0\u00bb columns_placement=\u00a0\u00bbtop\u00a0\u00bb scene_position=\u00a0\u00bbcenter\u00a0\u00bb text_color=\u00a0\u00bbdark\u00a0\u00bb text_align=\u00a0\u00bbleft\u00a0\u00bb color_overlay=\u00a0\u00bb#ffffff\u00a0\u00bb overlay_strength=\u00a0\u00bb0.95&Prime; shape_divider_color=\u00a0\u00bb#ba1627&Prime; shape_divider_position=\u00a0\u00bbbottom\u00a0\u00bb shape_divider_height=\u00a0\u00bb170&Prime; shape_divider_bring_to_front=\u00a0\u00bbtrue\u00a0\u00bb bg_image_animation=\u00a0\u00bbzoom-out-reveal\u00a0\u00bb parallax_bg=\u00a0\u00bbtrue\u00a0\u00bb parallax_bg_speed=\u00a0\u00bbfixed\u00a0\u00bb shape_type=\u00a0\u00bbtilt_alt\u00a0\u00bb][vc_column column_padding=\u00a0\u00bbpadding-6-percent\u00a0\u00bb column_padding_position=\u00a0\u00bbleft-right\u00a0\u00bb background_color_opacity=\u00a0\u00bb1&Prime; background_hover_color_opacity=\u00a0\u00bb1&Prime; column_link_target=\u00a0\u00bb_self\u00a0\u00bb column_shadow=\u00a0\u00bbnone\u00a0\u00bb column_border_radius=\u00a0\u00bbnone\u00a0\u00bb top_margin=\u00a0\u00bb4%\u00a0\u00bb bottom_margin=\u00a0\u00bb4%\u00a0\u00bb width=\u00a0\u00bb1\/2&Prime; tablet_width_inherit=\u00a0\u00bbdefault\u00a0\u00bb tablet_text_alignment=\u00a0\u00bbdefault\u00a0\u00bb phone_text_alignment=\u00a0\u00bbdefault\u00a0\u00bb overlay_strength=\u00a0\u00bb0.3&Prime; column_border_width=\u00a0\u00bbnone\u00a0\u00bb column_border_style=\u00a0\u00bbsolid\u00a0\u00bb bg_image_animation=\u00a0\u00bbnone\u00a0\u00bb][nectar_gradient_text heading_tag=\u00a0\u00bbh1&Prime; color=\u00a0\u00bbextra-color-gradient-1&Prime; gradient_direction=\u00a0\u00bbhorizontal\u00a0\u00bb text=\u00a0\u00bbOrganisation des journ\u00e9es innovation\u00a0\u00bb][divider line_type=\u00a0\u00bbNo Line\u00a0\u00bb custom_height=\u00a0\u00bb10&Prime;][nectar_cta btn_style=\u00a0\u00bbarrow-animation\u00a0\u00bb heading_tag=\u00a0\u00bbh4&Prime; text_color=\u00a0\u00bbrgba(186,14,32,0.82)\u00a0\u00bb button_color=\u00a0\u00bbdefault\u00a0\u00bb link_type=\u00a0\u00bbregular\u00a0\u00bb alignment=\u00a0\u00bbleft\u00a0\u00bb display=\u00a0\u00bbblock\u00a0\u00bb link_text=\u00a0\u00bbBack\u00a0\u00bb url=\u00a0\u00bb\/consulting\u00a0\u00bb][nectar_btn size=\u00a0\u00bblarge\u00a0\u00bb open_new_tab=\u00a0\u00bbtrue\u00a0\u00bb button_style=\u00a0\u00bbregular\u00a0\u00bb button_color_2=\u00a0\u00bbextra-color-gradient-1&Prime; icon_family=\u00a0\u00bbiconsmind\u00a0\u00bb text=\u00a0\u00bbContactez Merk Vision\u00a0\u00bb url=\u00a0\u00bbhttp:\/\/merk-vision.com\/contact\/\u00a0\u00bb css_animation=\u00a0\u00bbrotateIn\u00a0\u00bb icon_iconsmind=\u00a0\u00bbiconsmind-Yes\u00a0\u00bb][clients columns=\u00a0\u00bb2&Prime; hover_effect=\u00a0\u00bbopacity\u00a0\u00bb additional_padding=\u00a0\u00bb4&Prime; fade_in_animation=\u00a0\u00bbtrue\u00a0\u00bb][client image=\u00a0\u00bb3603&Prime; title=\u00a0\u00bbClient\u00a0\u00bb id=\u00a0\u00bb1628556370082-6&Prime; tab_id=\u00a0\u00bb1628556370082-0&Prime; name=\u00a0\u00bbchampagne Chanoine Fr\u00e8res\u00a0\u00bb][vc_column_text]Click the edit button to add your testimonial.[\/vc_column_text][\/client][client image=\u00a0\u00bb3599&Prime; title=\u00a0\u00bbClient\u00a0\u00bb id=\u00a0\u00bb1628556370137-9&Prime; tab_id=\u00a0\u00bb1628556370138-4&Prime; name=\u00a0\u00bbChampagne Chanoine Fr\u00e8res\u00a0\u00bb][vc_column_text]Click the edit button to add your testimonial.[\/vc_column_text][\/client][\/clients][divider...\" \/>\n<meta property=\"og:url\" content=\"https:\/\/merk-vision.com\/fr\/conseil\/innovation\/\" \/>\n<meta property=\"og:site_name\" content=\"Merk Vision\" \/>\n<meta property=\"article:modified_time\" content=\"2021-08-10T00:57:02+00:00\" \/>\n<meta property=\"og:image\" content=\"https:\/\/merk-vision.com\/wp-content\/uploads\/2020\/04\/merk-vision-opengraph.jpg\" \/>\n\t<meta property=\"og:image:width\" content=\"1200\" \/>\n\t<meta property=\"og:image:height\" content=\"630\" \/>\n\t<meta property=\"og:image:type\" content=\"image\/jpeg\" \/>\n<meta name=\"twitter:card\" content=\"summary_large_image\" \/>\n<meta name=\"twitter:image\" content=\"https:\/\/merk-vision.com\/wp-content\/uploads\/2020\/04\/merk-vision-opengraph.jpg\" \/>\n<meta name=\"twitter:label1\" content=\"Dur\u00e9e de lecture estim\u00e9e\" \/>\n\t<meta name=\"twitter:data1\" content=\"1 minute\" \/>\n<script type=\"application\/ld+json\" class=\"yoast-schema-graph\">{\"@context\":\"https:\/\/schema.org\",\"@graph\":[{\"@type\":\"WebPage\",\"@id\":\"https:\/\/merk-vision.com\/fr\/conseil\/innovation\/\",\"url\":\"https:\/\/merk-vision.com\/fr\/conseil\/innovation\/\",\"name\":\"Organisation de journ\u00e9es de l'innovation - Merk Vision\",\"isPartOf\":{\"@id\":\"https:\/\/merk-vision.com\/#website\"},\"primaryImageOfPage\":{\"@id\":\"https:\/\/merk-vision.com\/fr\/conseil\/innovation\/#primaryimage\"},\"image\":{\"@id\":\"https:\/\/merk-vision.com\/fr\/conseil\/innovation\/#primaryimage\"},\"thumbnailUrl\":\"https:\/\/merk-vision.com\/wp-content\/uploads\/2020\/04\/merk-vision-opengraph.jpg\",\"datePublished\":\"2021-08-05T10:44:36+00:00\",\"dateModified\":\"2021-08-10T00:57:02+00:00\",\"breadcrumb\":{\"@id\":\"https:\/\/merk-vision.com\/fr\/conseil\/innovation\/#breadcrumb\"},\"inLanguage\":\"fr-FR\",\"potentialAction\":[{\"@type\":\"ReadAction\",\"target\":[\"https:\/\/merk-vision.com\/fr\/conseil\/innovation\/\"]}]},{\"@type\":\"ImageObject\",\"inLanguage\":\"fr-FR\",\"@id\":\"https:\/\/merk-vision.com\/fr\/conseil\/innovation\/#primaryimage\",\"url\":\"https:\/\/merk-vision.com\/wp-content\/uploads\/2020\/04\/merk-vision-opengraph.jpg\",\"contentUrl\":\"https:\/\/merk-vision.com\/wp-content\/uploads\/2020\/04\/merk-vision-opengraph.jpg\",\"width\":1200,\"height\":630},{\"@type\":\"BreadcrumbList\",\"@id\":\"https:\/\/merk-vision.com\/fr\/conseil\/innovation\/#breadcrumb\",\"itemListElement\":[{\"@type\":\"ListItem\",\"position\":1,\"name\":\"Home\",\"item\":\"https:\/\/merk-vision.com\/fr\/\"},{\"@type\":\"ListItem\",\"position\":2,\"name\":\"Conseil\",\"item\":\"https:\/\/merk-vision.com\/fr\/conseil\/\"},{\"@type\":\"ListItem\",\"position\":3,\"name\":\"Organisation de journ\u00e9es de l&#8217;innovation\"}]},{\"@type\":\"WebSite\",\"@id\":\"https:\/\/merk-vision.com\/#website\",\"url\":\"https:\/\/merk-vision.com\/\",\"name\":\"Merk Vision\",\"description\":\"Merk Vision consultancy\",\"potentialAction\":[{\"@type\":\"SearchAction\",\"target\":{\"@type\":\"EntryPoint\",\"urlTemplate\":\"https:\/\/merk-vision.com\/?s={search_term_string}\"},\"query-input\":\"required name=search_term_string\"}],\"inLanguage\":\"fr-FR\"}]}<\/script>\n<!-- \/ Yoast SEO plugin. -->","yoast_head_json":{"title":"Organisation de journ\u00e9es de l'innovation - Merk Vision","robots":{"index":"index","follow":"follow","max-snippet":"max-snippet:-1","max-image-preview":"max-image-preview:large","max-video-preview":"max-video-preview:-1"},"canonical":"https:\/\/merk-vision.com\/fr\/conseil\/innovation\/","og_locale":"fr_FR","og_type":"article","og_title":"Organisation de journ\u00e9es de l'innovation - Merk Vision","og_description":"[vc_row type=\u00a0\u00bbfull_width_content\u00a0\u00bb full_screen_row_position=\u00a0\u00bbmiddle\u00a0\u00bb equal_height=\u00a0\u00bbyes\u00a0\u00bb content_placement=\u00a0\u00bbtop\u00a0\u00bb column_margin=\u00a0\u00bbdefault\u00a0\u00bb full_height=\u00a0\u00bbyes\u00a0\u00bb columns_placement=\u00a0\u00bbtop\u00a0\u00bb scene_position=\u00a0\u00bbcenter\u00a0\u00bb text_color=\u00a0\u00bbdark\u00a0\u00bb text_align=\u00a0\u00bbleft\u00a0\u00bb color_overlay=\u00a0\u00bb#ffffff\u00a0\u00bb overlay_strength=\u00a0\u00bb0.95&Prime; shape_divider_color=\u00a0\u00bb#ba1627&Prime; shape_divider_position=\u00a0\u00bbbottom\u00a0\u00bb shape_divider_height=\u00a0\u00bb170&Prime; shape_divider_bring_to_front=\u00a0\u00bbtrue\u00a0\u00bb bg_image_animation=\u00a0\u00bbzoom-out-reveal\u00a0\u00bb parallax_bg=\u00a0\u00bbtrue\u00a0\u00bb parallax_bg_speed=\u00a0\u00bbfixed\u00a0\u00bb shape_type=\u00a0\u00bbtilt_alt\u00a0\u00bb][vc_column column_padding=\u00a0\u00bbpadding-6-percent\u00a0\u00bb column_padding_position=\u00a0\u00bbleft-right\u00a0\u00bb background_color_opacity=\u00a0\u00bb1&Prime; background_hover_color_opacity=\u00a0\u00bb1&Prime; column_link_target=\u00a0\u00bb_self\u00a0\u00bb column_shadow=\u00a0\u00bbnone\u00a0\u00bb column_border_radius=\u00a0\u00bbnone\u00a0\u00bb top_margin=\u00a0\u00bb4%\u00a0\u00bb bottom_margin=\u00a0\u00bb4%\u00a0\u00bb width=\u00a0\u00bb1\/2&Prime; tablet_width_inherit=\u00a0\u00bbdefault\u00a0\u00bb tablet_text_alignment=\u00a0\u00bbdefault\u00a0\u00bb phone_text_alignment=\u00a0\u00bbdefault\u00a0\u00bb overlay_strength=\u00a0\u00bb0.3&Prime; column_border_width=\u00a0\u00bbnone\u00a0\u00bb column_border_style=\u00a0\u00bbsolid\u00a0\u00bb bg_image_animation=\u00a0\u00bbnone\u00a0\u00bb][nectar_gradient_text heading_tag=\u00a0\u00bbh1&Prime; color=\u00a0\u00bbextra-color-gradient-1&Prime; gradient_direction=\u00a0\u00bbhorizontal\u00a0\u00bb text=\u00a0\u00bbOrganisation des journ\u00e9es innovation\u00a0\u00bb][divider line_type=\u00a0\u00bbNo Line\u00a0\u00bb custom_height=\u00a0\u00bb10&Prime;][nectar_cta btn_style=\u00a0\u00bbarrow-animation\u00a0\u00bb heading_tag=\u00a0\u00bbh4&Prime; text_color=\u00a0\u00bbrgba(186,14,32,0.82)\u00a0\u00bb button_color=\u00a0\u00bbdefault\u00a0\u00bb link_type=\u00a0\u00bbregular\u00a0\u00bb alignment=\u00a0\u00bbleft\u00a0\u00bb display=\u00a0\u00bbblock\u00a0\u00bb link_text=\u00a0\u00bbBack\u00a0\u00bb url=\u00a0\u00bb\/consulting\u00a0\u00bb][nectar_btn size=\u00a0\u00bblarge\u00a0\u00bb open_new_tab=\u00a0\u00bbtrue\u00a0\u00bb button_style=\u00a0\u00bbregular\u00a0\u00bb button_color_2=\u00a0\u00bbextra-color-gradient-1&Prime; icon_family=\u00a0\u00bbiconsmind\u00a0\u00bb text=\u00a0\u00bbContactez Merk Vision\u00a0\u00bb url=\u00a0\u00bbhttp:\/\/merk-vision.com\/contact\/\u00a0\u00bb css_animation=\u00a0\u00bbrotateIn\u00a0\u00bb icon_iconsmind=\u00a0\u00bbiconsmind-Yes\u00a0\u00bb][clients columns=\u00a0\u00bb2&Prime; hover_effect=\u00a0\u00bbopacity\u00a0\u00bb additional_padding=\u00a0\u00bb4&Prime; fade_in_animation=\u00a0\u00bbtrue\u00a0\u00bb][client image=\u00a0\u00bb3603&Prime; title=\u00a0\u00bbClient\u00a0\u00bb id=\u00a0\u00bb1628556370082-6&Prime; tab_id=\u00a0\u00bb1628556370082-0&Prime; name=\u00a0\u00bbchampagne Chanoine Fr\u00e8res\u00a0\u00bb][vc_column_text]Click the edit button to add your testimonial.[\/vc_column_text][\/client][client image=\u00a0\u00bb3599&Prime; title=\u00a0\u00bbClient\u00a0\u00bb id=\u00a0\u00bb1628556370137-9&Prime; tab_id=\u00a0\u00bb1628556370138-4&Prime; name=\u00a0\u00bbChampagne Chanoine Fr\u00e8res\u00a0\u00bb][vc_column_text]Click the edit button to add your testimonial.[\/vc_column_text][\/client][\/clients][divider...","og_url":"https:\/\/merk-vision.com\/fr\/conseil\/innovation\/","og_site_name":"Merk Vision","article_modified_time":"2021-08-10T00:57:02+00:00","og_image":[{"width":1200,"height":630,"url":"https:\/\/merk-vision.com\/wp-content\/uploads\/2020\/04\/merk-vision-opengraph.jpg","type":"image\/jpeg"}],"twitter_card":"summary_large_image","twitter_image":"https:\/\/merk-vision.com\/wp-content\/uploads\/2020\/04\/merk-vision-opengraph.jpg","twitter_misc":{"Dur\u00e9e de lecture estim\u00e9e":"1 minute"},"schema":{"@context":"https:\/\/schema.org","@graph":[{"@type":"WebPage","@id":"https:\/\/merk-vision.com\/fr\/conseil\/innovation\/","url":"https:\/\/merk-vision.com\/fr\/conseil\/innovation\/","name":"Organisation de journ\u00e9es de l'innovation - Merk Vision","isPartOf":{"@id":"https:\/\/merk-vision.com\/#website"},"primaryImageOfPage":{"@id":"https:\/\/merk-vision.com\/fr\/conseil\/innovation\/#primaryimage"},"image":{"@id":"https:\/\/merk-vision.com\/fr\/conseil\/innovation\/#primaryimage"},"thumbnailUrl":"https:\/\/merk-vision.com\/wp-content\/uploads\/2020\/04\/merk-vision-opengraph.jpg","datePublished":"2021-08-05T10:44:36+00:00","dateModified":"2021-08-10T00:57:02+00:00","breadcrumb":{"@id":"https:\/\/merk-vision.com\/fr\/conseil\/innovation\/#breadcrumb"},"inLanguage":"fr-FR","potentialAction":[{"@type":"ReadAction","target":["https:\/\/merk-vision.com\/fr\/conseil\/innovation\/"]}]},{"@type":"ImageObject","inLanguage":"fr-FR","@id":"https:\/\/merk-vision.com\/fr\/conseil\/innovation\/#primaryimage","url":"https:\/\/merk-vision.com\/wp-content\/uploads\/2020\/04\/merk-vision-opengraph.jpg","contentUrl":"https:\/\/merk-vision.com\/wp-content\/uploads\/2020\/04\/merk-vision-opengraph.jpg","width":1200,"height":630},{"@type":"BreadcrumbList","@id":"https:\/\/merk-vision.com\/fr\/conseil\/innovation\/#breadcrumb","itemListElement":[{"@type":"ListItem","position":1,"name":"Home","item":"https:\/\/merk-vision.com\/fr\/"},{"@type":"ListItem","position":2,"name":"Conseil","item":"https:\/\/merk-vision.com\/fr\/conseil\/"},{"@type":"ListItem","position":3,"name":"Organisation de journ\u00e9es de l&#8217;innovation"}]},{"@type":"WebSite","@id":"https:\/\/merk-vision.com\/#website","url":"https:\/\/merk-vision.com\/","name":"Merk Vision","description":"Merk Vision consultancy","potentialAction":[{"@type":"SearchAction","target":{"@type":"EntryPoint","urlTemplate":"https:\/\/merk-vision.com\/?s={search_term_string}"},"query-input":"required name=search_term_string"}],"inLanguage":"fr-FR"}]}},"_links":{"self":[{"href":"https:\/\/merk-vision.com\/fr\/wp-json\/wp\/v2\/pages\/3581"}],"collection":[{"href":"https:\/\/merk-vision.com\/fr\/wp-json\/wp\/v2\/pages"}],"about":[{"href":"https:\/\/merk-vision.com\/fr\/wp-json\/wp\/v2\/types\/page"}],"author":[{"embeddable":true,"href":"https:\/\/merk-vision.com\/fr\/wp-json\/wp\/v2\/users\/6"}],"replies":[{"embeddable":true,"href":"https:\/\/merk-vision.com\/fr\/wp-json\/wp\/v2\/comments?post=3581"}],"version-history":[{"count":10,"href":"https:\/\/merk-vision.com\/fr\/wp-json\/wp\/v2\/pages\/3581\/revisions"}],"predecessor-version":[{"id":3615,"href":"https:\/\/merk-vision.com\/fr\/wp-json\/wp\/v2\/pages\/3581\/revisions\/3615"}],"up":[{"embeddable":true,"href":"https:\/\/merk-vision.com\/fr\/wp-json\/wp\/v2\/pages\/2030"}],"wp:featuredmedia":[{"embeddable":true,"href":"https:\/\/merk-vision.com\/fr\/wp-json\/wp\/v2\/media\/1896"}],"wp:attachment":[{"href":"https:\/\/merk-vision.com\/fr\/wp-json\/wp\/v2\/media?parent=3581"}],"curies":[{"name":"wp","href":"https:\/\/api.w.org\/{rel}","templated":true}]}}